{"id":988215,"date":"2025-02-13T09:22:42","date_gmt":"2025-02-13T06:22:42","guid":{"rendered":"https:\/\/www.ankaref.com\/?page_id=988215"},"modified":"2026-01-05T09:50:09","modified_gmt":"2026-01-05T06:50:09","slug":"risalat-al-ceo","status":"publish","type":"page","link":"https:\/\/www.ankaref.com\/ar\/ceonun-mesaji\/","title":{"rendered":"CEO&#8217;nun Mesaj\u0131"},"content":{"rendered":"<div data-elementor-type=\"wp-page\" data-elementor-id=\"988215\" class=\"elementor elementor-988215\" data-elementor-post-type=\"page\">\n\t\t\t\t<div class=\"elementor-element elementor-element-1ee4a051 e-con-full e-flex e-con e-parent\" data-id=\"1ee4a051\" data-element_type=\"container\" data-e-type=\"container\" data-settings=\"{&quot;background_background&quot;:&quot;classic&quot;,&quot;ekit_has_onepagescroll_dot&quot;:&quot;yes&quot;}\">\n\t\t<div class=\"elementor-element elementor-element-15f9da5f e-con-full e-flex e-con e-child\" data-id=\"15f9da5f\" data-element_type=\"container\" data-e-type=\"container\" data-settings=\"{&quot;background_background&quot;:&quot;classic&quot;,&quot;ekit_has_onepagescroll_dot&quot;:&quot;yes&quot;}\">\n\t\t\t\t<div class=\"elementor-element elementor-element-420354fa animated-slow elementor-invisible elementor-widget elementor-widget-heading\" data-id=\"420354fa\" data-element_type=\"widget\" data-e-type=\"widget\" data-settings=\"{&quot;_animation&quot;:&quot;fadeIn&quot;,&quot;_animation_tablet&quot;:&quot;none&quot;,&quot;ekit_we_effect_on&quot;:&quot;none&quot;}\" data-widget_type=\"heading.default\">\n\t\t\t\t<div class=\"elementor-widget-container\">\n\t\t\t\t\t<h1 class=\"elementor-heading-title elementor-size-default\">\u0631\u0633\u0627\u0644\u0629 \u0627\u0644\u0631\u0626\u064a\u0633 \u0627\u0644\u062a\u0646\u0641\u064a\u0630\u064a<\/h1>\t\t\t\t<\/div>\n\t\t\t\t<\/div>\n\t\t\t\t<\/div>\n\t\t\t\t<\/div>\n\t\t<div class=\"elementor-element elementor-element-50c88649 e-flex e-con-boxed e-con e-parent\" data-id=\"50c88649\" data-element_type=\"container\" data-e-type=\"container\" data-settings=\"{&quot;ekit_has_onepagescroll_dot&quot;:&quot;yes&quot;}\">\n\t\t\t\t\t<div class=\"e-con-inner\">\n\t\t<div class=\"elementor-element elementor-element-171fbf13 e-con-full e-flex e-con e-child\" data-id=\"171fbf13\" data-element_type=\"container\" data-e-type=\"container\" data-settings=\"{&quot;ekit_has_onepagescroll_dot&quot;:&quot;yes&quot;}\">\n\t\t\t\t<div class=\"elementor-element elementor-element-09ce3b8 elementor-widget__width-initial elementor-widget elementor-widget-elementskit-heading\" data-id=\"09ce3b8\" data-element_type=\"widget\" data-e-type=\"widget\" data-settings=\"{&quot;ekit_we_effect_on&quot;:&quot;none&quot;}\" data-widget_type=\"elementskit-heading.default\">\n\t\t\t\t<div class=\"elementor-widget-container\">\n\t\t\t\t\t<div class=\"ekit-wid-con\" ><div class=\"ekit-heading elementskit-section-title-wraper text_left   ekit_heading_tablet-   ekit_heading_mobile-\"><h2 class=\"ekit-heading--title elementskit-section-title\">\u0625\u0631\u0647\u0627\u0646 \u0628\u064a\u0646\u064a\u062c\u064a<\/h2><h3 class=\"ekit-heading--subtitle elementskit-section-subtitle\">\n\t\t\t\t\t\t\u0627\u0644\u0631\u0626\u064a\u0633 \u0627\u0644\u062a\u0646\u0641\u064a\u0630\u064a - \u0627\u0644\u0645\u062f\u064a\u0631 \u0627\u0644\u0639\u0627\u0645\n\t\t\t\t\t<\/h3>\t\t\t\t<div class='ekit-heading__description'>\n\t\t\t\t\t<p>\u0646\u062a\u0642\u062f\u0645 \u0628\u062b\u0642\u0629 \u0646\u062d\u0648 \u0647\u062f\u0641\u0646\u0627 \u0641\u064a \u0627\u0644\u0637\u0631\u064a\u0642 \u0627\u0644\u0630\u064a \u0633\u0644\u0643\u0646\u0627\u0647 \u0641\u064a \u0639\u0627\u0645 2007. \u0647\u062f\u0641\u0646\u0627 \u0647\u0648 \u062c\u0639\u0644 ANKAREF \u0639\u0644\u0627\u0645\u0629 \u062a\u062c\u0627\u0631\u064a\u0629 \u064a\u0645\u0643\u0646 \u0644\u0644\u0639\u0627\u0644\u0645 \u0648\u062a\u0631\u0643\u064a\u0627 \u0623\u0646 \u064a\u0641\u062a\u062e\u0631\u0648\u0627 \u0628\u0647\u0627.<\/p>\n<p>\u0639\u0627\u0644\u0645 \u0625\u0646\u062a\u0631\u0646\u062a \u0627\u0644\u0623\u0634\u064a\u0627\u0621 \u064a\u0646\u0645\u0648 \u0628\u0633\u0631\u0639\u0629 \u0643\u0644 \u064a\u0648\u0645. \u0628\u064a\u0646\u0645\u0627 \u0643\u0627\u0646 \u0647\u0646\u0627\u0643 \u062d\u0648\u0627\u0644\u064a 15 \u0645\u0644\u064a\u0627\u0631 \u0646\u0642\u0637\u0629 \u0646\u0647\u0627\u064a\u0629 \u0644\u0625\u0646\u062a\u0631\u0646\u062a \u0627\u0644\u0623\u0634\u064a\u0627\u0621 \u0641\u064a \u062c\u0645\u064a\u0639 \u0623\u0646\u062d\u0627\u0621 \u0627\u0644\u0639\u0627\u0644\u0645 \u0641\u064a \u0639\u0627\u0645 2015\u060c \u0648\u0635\u0644 \u0647\u0630\u0627 \u0627\u0644\u0639\u062f\u062f \u0625\u0644\u0649 \u062d\u0648\u0627\u0644\u064a 30 \u0645\u0644\u064a\u0627\u0631 \u0627\u0644\u064a\u0648\u0645. \u0645\u0646 \u0627\u0644\u0645\u062a\u0648\u0642\u0639 \u0623\u0646 \u062a\u0643\u0648\u0646 \u0647\u0646\u0627\u0643 \u062d\u0648\u0627\u0644\u064a 75 \u0645\u0644\u064a\u0627\u0631 \u0646\u0642\u0637\u0629 \u0646\u0647\u0627\u064a\u0629 \u0644\u0625\u0646\u062a\u0631\u0646\u062a \u0627\u0644\u0623\u0634\u064a\u0627\u0621 \u0641\u064a \u0639\u0627\u0645 2026. \u0633\u0648\u0642 \u0625\u0646\u062a\u0631\u0646\u062a \u0627\u0644\u0623\u0634\u064a\u0627\u0621\u060c \u0627\u0644\u0630\u064a \u0643\u0627\u0646 \u062d\u0648\u0627\u0644\u064a 100 \u0645\u0644\u064a\u0627\u0631 \u062f\u0648\u0644\u0627\u0631 \u0623\u0645\u0631\u064a\u0643\u064a \u0641\u064a \u0639\u0627\u0645 2015\u060c \u0623\u0635\u0628\u062d 250 \u0645\u0644\u064a\u0627\u0631 \u062f\u0648\u0644\u0627\u0631 \u0623\u0645\u0631\u064a\u0643\u064a \u0627\u0644\u064a\u0648\u0645. \u0645\u0646 \u0627\u0644\u0645\u062a\u0648\u0642\u0639 \u0623\u0646 \u064a\u0635\u0644 \u0633\u0648\u0642 \u0625\u0646\u062a\u0631\u0646\u062a \u0627\u0644\u0623\u0634\u064a\u0627\u0621 \u0625\u0644\u0649 1.5 \u062a\u0631\u064a\u0644\u064a\u0648\u0646 \u062f\u0648\u0644\u0627\u0631 \u0623\u0645\u0631\u064a\u0643\u064a \u0641\u064a \u0639\u0627\u0645 2026. \u0647\u0630\u0647 \u0627\u0644\u0628\u064a\u0627\u0646\u0627\u062a \u062a\u0645\u062b\u0644 \u0641\u0642\u0637 \u0633\u0648\u0642 \u0625\u0646\u062a\u0631\u0646\u062a \u0627\u0644\u0623\u0634\u064a\u0627\u0621. \u0639\u0646\u062f\u0645\u0627 \u0646\u0636\u064a\u0641 \u0627\u0644\u0627\u062a\u0635\u0627\u0644\u0627\u062a \u0648\u0627\u0644\u0633\u062d\u0627\u0628\u0629 \u0648\u0630\u0643\u0627\u0621 \u0627\u0644\u0623\u0639\u0645\u0627\u0644 \u0648\u0627\u0644\u0630\u0643\u0627\u0621 \u0627\u0644\u0627\u0635\u0637\u0646\u0627\u0639\u064a \u0648\u0627\u0644\u062e\u062f\u0645\u0627\u062a \u0627\u0644\u0623\u062e\u0631\u0649 \u0627\u0644\u062a\u064a \u062a\u0638\u0647\u0631 \u0645\u0646 \u062e\u0644\u0627\u0644 \u0625\u0646\u062a\u0631\u0646\u062a \u0627\u0644\u0623\u0634\u064a\u0627\u0621\u060c \u064a\u0638\u0647\u0631 \u0633\u0648\u0642 \u0636\u062e\u0645.<\/p>\n<p>\u062a\u062a\u0642\u062f\u0645 ANKAREF \u0628\u062e\u0637\u0648\u0627\u062a \u0648\u0627\u062b\u0642\u0629 \u0644\u062a\u0635\u0628\u062d \u0648\u0627\u062d\u062f\u0629 \u0645\u0646 \u0627\u0644\u0644\u0627\u0639\u0628\u064a\u0646 \u0627\u0644\u0631\u0626\u064a\u0633\u064a\u064a\u0646 \u0641\u064a \u0647\u0630\u0627 \u0627\u0644\u0633\u0648\u0642. \u0639\u0644\u0649 \u0645\u062f\u0649 \u0627\u0644\u0633\u0646\u0648\u0627\u062a \u0627\u0644\u062b\u0644\u0627\u062b \u0639\u0634\u0631\u0629 \u0627\u0644\u0645\u0627\u0636\u064a\u0629\u060c \u0646\u062c\u062d\u062a ANKAREF \u0641\u064a \u0623\u0646 \u062a\u0643\u0648\u0646 \u0645\u0646 \u0627\u0644\u0634\u0631\u0643\u0627\u062a \u0627\u0644\u0631\u0627\u0626\u062f\u0629 \u0627\u0644\u062a\u064a \u062a\u0634\u0643\u0644 \u0642\u0637\u0627\u0639 \u0625\u0646\u062a\u0631\u0646\u062a \u0627\u0644\u0623\u0634\u064a\u0627\u0621 (IoT) \u0644\u064a\u0633 \u0641\u0642\u0637 \u0641\u064a \u062a\u0631\u0643\u064a\u0627\u060c \u0628\u0644 \u0623\u064a\u0636\u064b\u0627 \u0641\u064a \u0627\u0644\u0623\u0633\u0648\u0627\u0642 \u0627\u0644\u062f\u0648\u0644\u064a\u0629. \u0648\u0645\u0646 \u062e\u0644\u0627\u0644 \u0646\u0647\u062c \u064a\u0631\u0643\u0632 \u0639\u0644\u0649 \u0627\u0644\u0627\u0628\u062a\u0643\u0627\u0631 \u0648\u0627\u0644\u0628\u062d\u062b \u0648\u0627\u0644\u062a\u0637\u0648\u064a\u0631\u060c \u062d\u0642\u0642\u062a ANKAREF \u0645\u0634\u0627\u0631\u064a\u0639 \u062a\u0645 \u062a\u0646\u0641\u064a\u0630\u0647\u0627 \u0644\u0623\u0648\u0644 \u0645\u0631\u0629 \u0641\u064a \u0628\u0644\u0627\u062f\u0646\u0627 \u0648\u062d\u062a\u0649 \u0639\u0644\u0649 \u0645\u0633\u062a\u0648\u0649 \u0627\u0644\u0639\u0627\u0644\u0645\u060c \u0645\u0645\u0627 \u064a\u062b\u0628\u062a \u0627\u0644\u0645\u0633\u062a\u0648\u0649 \u0627\u0644\u0645\u062a\u0642\u062f\u0645 \u0627\u0644\u0630\u064a \u0648\u0635\u0644 \u0625\u0644\u064a\u0647 \u0627\u0644\u0645\u0647\u0646\u062f\u0633\u0648\u0646 \u0627\u0644\u0623\u062a\u0631\u0627\u0643.<\/p>\n\t\t\t\t<\/div>\n\t\t\t<\/div><\/div>\t\t\t\t<\/div>\n\t\t\t\t<\/div>\n\t\t\t\t<\/div>\n\t\t<div class=\"elementor-element elementor-element-4467bee0 e-con-full e-flex e-con e-child\" data-id=\"4467bee0\" data-element_type=\"container\" data-e-type=\"container\" data-settings=\"{&quot;background_background&quot;:&quot;classic&quot;,&quot;ekit_has_onepagescroll_dot&quot;:&quot;yes&quot;}\">\n\t\t\t\t<\/div>\n\t\t\t\t\t<\/div>\n\t\t\t\t<\/div>\n\t\t\t\t<\/div>","protected":false},"excerpt":{"rendered":"<p>CEO&#8217;nun Mesaj\u0131 Erhan Binici CEO &#8211; Genel M\u00fcd\u00fcr 2007 y\u0131l\u0131nda \u00e7\u0131kt\u0131\u011f\u0131m\u0131z yolda hedefe emin ad\u0131mlarla ilerliyoruz. Hedefimiz ANKAREF&#8217;i, global ve T\u00fcrkiye\u2019nin gurur duyaca\u011f\u0131 bir marka yapmak. IoT (Internet of Things) \u2013 Nesnelerin \u0130nterneti d\u00fcnyas\u0131 her ge\u00e7en g\u00fcn h\u0131zla b\u00fcy\u00fcyor. D\u00fcnyada 2015 y\u0131l\u0131nda yakla\u015f\u0131k 15 milyar IoT u\u00e7 noktas\u0131 varken bug\u00fcn bu rakam yakla\u015f\u0131k 30 milyara&#8230;<\/p>","protected":false},"author":1,"featured_media":0,"parent":0,"menu_order":0,"comment_status":"closed","ping_status":"closed","template":"","meta":{"footnotes":""},"class_list":["post-988215","page","type-page","status-publish","hentry"],"yoast_head":"<!-- This site is optimized with the Yoast SEO Premium plugin v26.1 (Yoast SEO v27.4) - https:\/\/yoast.com\/product\/yoast-seo-premium-wordpress\/ -->\n<title>Kurucumuzdan Mesaj | ANKAREF<\/title>\n<meta name=\"description\" content=\"Gelece\u011fe dair hedeflerimizi ve ANKAREF\u2019in insan, \u00e7evre ve teknolojiye bak\u0131\u015f a\u00e7\u0131s\u0131n\u0131 CEO\u2019muzun s\u00f6zlerinden ke\u015ffedin.\" \/>\n<meta name=\"robots\" content=\"index, follow, max-snippet:-1, max-image-preview:large, max-video-preview:-1\" \/>\n<link rel=\"canonical\" href=\"https:\/\/www.ankaref.com\/ar\/risalat-al-ceo\/\" \/>\n<meta property=\"og:locale\" content=\"ar_AR\" \/>\n<meta property=\"og:type\" content=\"article\" \/>\n<meta property=\"og:title\" content=\"CEO&#039;nun Mesaj\u0131\" \/>\n<meta property=\"og:description\" content=\"Gelece\u011fe dair hedeflerimizi ve ANKAREF\u2019in insan, \u00e7evre ve teknolojiye bak\u0131\u015f a\u00e7\u0131s\u0131n\u0131 CEO\u2019muzun s\u00f6zlerinden ke\u015ffedin.\" \/>\n<meta property=\"og:url\" content=\"https:\/\/www.ankaref.com\/ar\/risalat-al-ceo\/\" \/>\n<meta property=\"og:site_name\" content=\"Ankaref\" \/>\n<meta property=\"article:modified_time\" content=\"2026-01-05T06:50:09+00:00\" \/>\n<meta name=\"twitter:card\" content=\"summary_large_image\" \/>\n<meta name=\"twitter:label1\" content=\"\u0648\u0642\u062a \u0627\u0644\u0642\u0631\u0627\u0621\u0629 \u0627\u0644\u0645\u064f\u0642\u062f\u0651\u0631\" \/>\n\t<meta name=\"twitter:data1\" content=\"\u062f\u0642\u064a\u0642\u0629 \u0648\u0627\u062d\u062f\u0629\" \/>\n<script type=\"application\/ld+json\" class=\"yoast-schema-graph\">{\"@context\":\"https:\\\/\\\/schema.org\",\"@graph\":[{\"@type\":\"WebPage\",\"@id\":\"https:\\\/\\\/www.ankaref.com\\\/ceonun-mesaji\\\/\",\"url\":\"https:\\\/\\\/www.ankaref.com\\\/ceonun-mesaji\\\/\",\"name\":\"Kurucumuzdan Mesaj | ANKAREF\",\"isPartOf\":{\"@id\":\"https:\\\/\\\/www.ankaref.com\\\/#website\"},\"datePublished\":\"2025-02-13T06:22:42+00:00\",\"dateModified\":\"2026-01-05T06:50:09+00:00\",\"description\":\"Gelece\u011fe dair hedeflerimizi ve ANKAREF\u2019in insan, \u00e7evre ve teknolojiye bak\u0131\u015f a\u00e7\u0131s\u0131n\u0131 CEO\u2019muzun s\u00f6zlerinden ke\u015ffedin.\",\"breadcrumb\":{\"@id\":\"https:\\\/\\\/www.ankaref.com\\\/ceonun-mesaji\\\/#breadcrumb\"},\"inLanguage\":\"ar\",\"potentialAction\":[{\"@type\":\"ReadAction\",\"target\":[\"https:\\\/\\\/www.ankaref.com\\\/ceonun-mesaji\\\/\"]}]},{\"@type\":\"BreadcrumbList\",\"@id\":\"https:\\\/\\\/www.ankaref.com\\\/ceonun-mesaji\\\/#breadcrumb\",\"itemListElement\":[{\"@type\":\"ListItem\",\"position\":1,\"name\":\"Anasayfa\",\"item\":\"https:\\\/\\\/www.ankaref.com\\\/\"},{\"@type\":\"ListItem\",\"position\":2,\"name\":\"CEO&#8217;nun Mesaj\u0131\"}]},{\"@type\":\"WebSite\",\"@id\":\"https:\\\/\\\/www.ankaref.com\\\/#website\",\"url\":\"https:\\\/\\\/www.ankaref.com\\\/\",\"name\":\"Ankaref\",\"description\":\"IoT Knowledge Hub\",\"publisher\":{\"@id\":\"https:\\\/\\\/www.ankaref.com\\\/#organization\"},\"potentialAction\":[{\"@type\":\"SearchAction\",\"target\":{\"@type\":\"EntryPoint\",\"urlTemplate\":\"https:\\\/\\\/www.ankaref.com\\\/?s={search_term_string}\"},\"query-input\":{\"@type\":\"PropertyValueSpecification\",\"valueRequired\":true,\"valueName\":\"search_term_string\"}}],\"inLanguage\":\"ar\"},{\"@type\":\"Organization\",\"@id\":\"https:\\\/\\\/www.ankaref.com\\\/#organization\",\"name\":\"ANKAREF\",\"url\":\"https:\\\/\\\/www.ankaref.com\\\/\",\"logo\":{\"@type\":\"ImageObject\",\"inLanguage\":\"ar\",\"@id\":\"https:\\\/\\\/www.ankaref.com\\\/#\\\/schema\\\/logo\\\/image\\\/\",\"url\":\"https:\\\/\\\/www.ankaref.com\\\/wp-content\\\/uploads\\\/2023\\\/03\\\/ankaref-beyaz-1-e1747385803572.png\",\"contentUrl\":\"https:\\\/\\\/www.ankaref.com\\\/wp-content\\\/uploads\\\/2023\\\/03\\\/ankaref-beyaz-1-e1747385803572.png\",\"width\":150,\"height\":28,\"caption\":\"ANKAREF\"},\"image\":{\"@id\":\"https:\\\/\\\/www.ankaref.com\\\/#\\\/schema\\\/logo\\\/image\\\/\"},\"email\":\"info@ankaref.com\",\"telephone\":\"(0312) 299 21 64\",\"legalName\":\"Ankaref \u0130novasyon ve Teknoloji A.\u015e.\",\"publishingPrinciples\":\"https:\\\/\\\/www.ankaref.com\\\/hakkimizda\\\/\",\"actionableFeedbackPolicy\":\"https:\\\/\\\/www.ankaref.com\\\/aydinlatma-metni\\\/\",\"correctionsPolicy\":\"https:\\\/\\\/www.ankaref.com\\\/cerez-politikasi\\\/\",\"ethicsPolicy\":\"https:\\\/\\\/www.ankaref.com\\\/en\\\/kvkk\\\/\",\"diversityPolicy\":\"https:\\\/\\\/www.ankaref.com\\\/entegre-yonetim-sistemi-politikasi\\\/\"}]}<\/script>\n<!-- \/ Yoast SEO Premium plugin. -->","yoast_head_json":{"title":"\u0631\u0633\u0627\u0644\u0629 \u0645\u0646 \u0645\u0624\u0633\u0633\u0646\u0627 | ANKAREF","description":"\u0627\u0643\u062a\u0634\u0641 \u0623\u0647\u062f\u0627\u0641\u0646\u0627 \u0644\u0644\u0645\u0633\u062a\u0642\u0628\u0644 \u0648\u0645\u0646\u0638\u0648\u0631 ANKAREF \u062a\u062c\u0627\u0647 \u0627\u0644\u0625\u0646\u0633\u0627\u0646 \u0648\u0627\u0644\u0628\u064a\u0626\u0629 \u0648\u0627\u0644\u062a\u0643\u0646\u0648\u0644\u0648\u062c\u064a\u0627 \u0645\u0646 \u062e\u0644\u0627\u0644 \u0643\u0644\u0645\u0627\u062a \u0631\u0626\u064a\u0633\u0646\u0627 \u0627\u0644\u062a\u0646\u0641\u064a\u0630\u064a.","robots":{"index":"index","follow":"follow","max-snippet":"max-snippet:-1","max-image-preview":"max-image-preview:large","max-video-preview":"max-video-preview:-1"},"canonical":"https:\/\/www.ankaref.com\/ar\/risalat-al-ceo\/","og_locale":"ar_AR","og_type":"article","og_title":"CEO'nun Mesaj\u0131","og_description":"Gelece\u011fe dair hedeflerimizi ve ANKAREF\u2019in insan, \u00e7evre ve teknolojiye bak\u0131\u015f a\u00e7\u0131s\u0131n\u0131 CEO\u2019muzun s\u00f6zlerinden ke\u015ffedin.","og_url":"https:\/\/www.ankaref.com\/ar\/risalat-al-ceo\/","og_site_name":"Ankaref","article_modified_time":"2026-01-05T06:50:09+00:00","twitter_card":"summary_large_image","twitter_misc":{"\u0648\u0642\u062a \u0627\u0644\u0642\u0631\u0627\u0621\u0629 \u0627\u0644\u0645\u064f\u0642\u062f\u0651\u0631":"\u062f\u0642\u064a\u0642\u0629 \u0648\u0627\u062d\u062f\u0629"},"schema":{"@context":"https:\/\/schema.org","@graph":[{"@type":"WebPage","@id":"https:\/\/www.ankaref.com\/ceonun-mesaji\/","url":"https:\/\/www.ankaref.com\/ceonun-mesaji\/","name":"\u0631\u0633\u0627\u0644\u0629 \u0645\u0646 \u0645\u0624\u0633\u0633\u0646\u0627 | ANKAREF","isPartOf":{"@id":"https:\/\/www.ankaref.com\/#website"},"datePublished":"2025-02-13T06:22:42+00:00","dateModified":"2026-01-05T06:50:09+00:00","description":"\u0627\u0643\u062a\u0634\u0641 \u0623\u0647\u062f\u0627\u0641\u0646\u0627 \u0644\u0644\u0645\u0633\u062a\u0642\u0628\u0644 \u0648\u0645\u0646\u0638\u0648\u0631 ANKAREF \u062a\u062c\u0627\u0647 \u0627\u0644\u0625\u0646\u0633\u0627\u0646 \u0648\u0627\u0644\u0628\u064a\u0626\u0629 \u0648\u0627\u0644\u062a\u0643\u0646\u0648\u0644\u0648\u062c\u064a\u0627 \u0645\u0646 \u062e\u0644\u0627\u0644 \u0643\u0644\u0645\u0627\u062a \u0631\u0626\u064a\u0633\u0646\u0627 \u0627\u0644\u062a\u0646\u0641\u064a\u0630\u064a.","breadcrumb":{"@id":"https:\/\/www.ankaref.com\/ceonun-mesaji\/#breadcrumb"},"inLanguage":"ar","potentialAction":[{"@type":"ReadAction","target":["https:\/\/www.ankaref.com\/ceonun-mesaji\/"]}]},{"@type":"BreadcrumbList","@id":"https:\/\/www.ankaref.com\/ceonun-mesaji\/#breadcrumb","itemListElement":[{"@type":"ListItem","position":1,"name":"Anasayfa","item":"https:\/\/www.ankaref.com\/"},{"@type":"ListItem","position":2,"name":"CEO&#8217;nun Mesaj\u0131"}]},{"@type":"WebSite","@id":"https:\/\/www.ankaref.com\/#website","url":"https:\/\/www.ankaref.com\/","name":"Ankaref","description":"IoT Knowledge Hub","publisher":{"@id":"https:\/\/www.ankaref.com\/#organization"},"potentialAction":[{"@type":"SearchAction","target":{"@type":"EntryPoint","urlTemplate":"https:\/\/www.ankaref.com\/?s={search_term_string}"},"query-input":{"@type":"PropertyValueSpecification","valueRequired":true,"valueName":"search_term_string"}}],"inLanguage":"ar"},{"@type":"Organization","@id":"https:\/\/www.ankaref.com\/#organization","name":"ANKAREF","url":"https:\/\/www.ankaref.com\/","logo":{"@type":"ImageObject","inLanguage":"ar","@id":"https:\/\/www.ankaref.com\/#\/schema\/logo\/image\/","url":"https:\/\/www.ankaref.com\/wp-content\/uploads\/2023\/03\/ankaref-beyaz-1-e1747385803572.png","contentUrl":"https:\/\/www.ankaref.com\/wp-content\/uploads\/2023\/03\/ankaref-beyaz-1-e1747385803572.png","width":150,"height":28,"caption":"ANKAREF"},"image":{"@id":"https:\/\/www.ankaref.com\/#\/schema\/logo\/image\/"},"email":"info@ankaref.com","telephone":"(0312) 299 21 64","legalName":"Ankaref \u0130novasyon ve Teknoloji A.\u015e.","publishingPrinciples":"https:\/\/www.ankaref.com\/hakkimizda\/","actionableFeedbackPolicy":"https:\/\/www.ankaref.com\/aydinlatma-metni\/","correctionsPolicy":"https:\/\/www.ankaref.com\/cerez-politikasi\/","ethicsPolicy":"https:\/\/www.ankaref.com\/en\/kvkk\/","diversityPolicy":"https:\/\/www.ankaref.com\/entegre-yonetim-sistemi-politikasi\/"}]}},"_links":{"self":[{"href":"https:\/\/www.ankaref.com\/ar\/wp-json\/wp\/v2\/pages\/988215","targetHints":{"allow":["GET"]}}],"collection":[{"href":"https:\/\/www.ankaref.com\/ar\/wp-json\/wp\/v2\/pages"}],"about":[{"href":"https:\/\/www.ankaref.com\/ar\/wp-json\/wp\/v2\/types\/page"}],"author":[{"embeddable":true,"href":"https:\/\/www.ankaref.com\/ar\/wp-json\/wp\/v2\/users\/1"}],"replies":[{"embeddable":true,"href":"https:\/\/www.ankaref.com\/ar\/wp-json\/wp\/v2\/comments?post=988215"}],"version-history":[{"count":33,"href":"https:\/\/www.ankaref.com\/ar\/wp-json\/wp\/v2\/pages\/988215\/revisions"}],"predecessor-version":[{"id":998019,"href":"https:\/\/www.ankaref.com\/ar\/wp-json\/wp\/v2\/pages\/988215\/revisions\/998019"}],"wp:attachment":[{"href":"https:\/\/www.ankaref.com\/ar\/wp-json\/wp\/v2\/media?parent=988215"}],"curies":[{"name":"wp","href":"https:\/\/api.w.org\/{rel}","templated":true}]}}