{"id":988993,"date":"2025-02-14T10:26:55","date_gmt":"2025-02-14T07:26:55","guid":{"rendered":"https:\/\/www.ankaref.com\/?page_id=988993"},"modified":"2025-09-12T10:58:32","modified_gmt":"2025-09-12T07:58:32","slug":"al-istidamah-al-biiyah","status":"publish","type":"page","link":"https:\/\/www.ankaref.com\/ar\/cevre-odakli-surdurulebilirlik\/","title":{"rendered":"\u0645\u0633\u062a\u0642\u0628\u0644 \u0645\u0633\u062a\u062f\u0627\u0645 \u064a\u0631\u0643\u0632 \u0639\u0644\u0649 \u0627\u0644\u0628\u064a\u0626\u0629"},"content":{"rendered":"","protected":false},"excerpt":{"rendered":"","protected":false},"author":1,"featured_media":0,"parent":0,"menu_order":0,"comment_status":"closed","ping_status":"closed","template":"","meta":{"footnotes":""},"class_list":["post-988993","page","type-page","status-publish","hentry"],"yoast_head":"<!-- This site is optimized with the Yoast SEO Premium plugin v26.1 (Yoast SEO v27.4) - https:\/\/yoast.com\/product\/yoast-seo-premium-wordpress\/ -->\n<title>\u00c7evre Odakl\u0131 S\u00fcrd\u00fcr\u00fclebilirlik | ANKAREF<\/title>\n<meta name=\"description\" content=\"IoT \u00e7\u00f6z\u00fcmlerimizle enerji ve suyu verimli kullan\u0131yor, karbon ayak izini azaltarak s\u00fcrd\u00fcr\u00fclebilir bir gelecek sa\u011fl\u0131yoruz.\" \/>\n<meta name=\"robots\" content=\"index, follow, max-snippet:-1, max-image-preview:large, max-video-preview:-1\" \/>\n<link rel=\"canonical\" href=\"https:\/\/www.ankaref.com\/ar\/al-istidamah-al-biiyah\/\" \/>\n<meta property=\"og:locale\" content=\"ar_AR\" \/>\n<meta property=\"og:type\" content=\"article\" \/>\n<meta property=\"og:title\" content=\"\u00c7evre Odakl\u0131 S\u00fcrd\u00fcr\u00fclebilirlik\" \/>\n<meta property=\"og:description\" content=\"IoT \u00e7\u00f6z\u00fcmlerimizle enerji ve suyu verimli kullan\u0131yor, karbon ayak izini azaltarak s\u00fcrd\u00fcr\u00fclebilir bir gelecek sa\u011fl\u0131yoruz.\" \/>\n<meta property=\"og:url\" content=\"https:\/\/www.ankaref.com\/ar\/al-istidamah-al-biiyah\/\" \/>\n<meta property=\"og:site_name\" content=\"Ankaref\" \/>\n<meta property=\"article:modified_time\" content=\"2025-09-12T07:58:32+00:00\" \/>\n<meta name=\"twitter:card\" content=\"summary_large_image\" \/>\n<script type=\"application\/ld+json\" class=\"yoast-schema-graph\">{\"@context\":\"https:\\\/\\\/schema.org\",\"@graph\":[{\"@type\":\"WebPage\",\"@id\":\"https:\\\/\\\/www.ankaref.com\\\/cevre-odakli-surdurulebilirlik\\\/\",\"url\":\"https:\\\/\\\/www.ankaref.com\\\/cevre-odakli-surdurulebilirlik\\\/\",\"name\":\"\u00c7evre Odakl\u0131 S\u00fcrd\u00fcr\u00fclebilirlik | ANKAREF\",\"isPartOf\":{\"@id\":\"https:\\\/\\\/www.ankaref.com\\\/#website\"},\"datePublished\":\"2025-02-14T07:26:55+00:00\",\"dateModified\":\"2025-09-12T07:58:32+00:00\",\"description\":\"IoT \u00e7\u00f6z\u00fcmlerimizle enerji ve suyu verimli kullan\u0131yor, karbon ayak izini azaltarak s\u00fcrd\u00fcr\u00fclebilir bir gelecek sa\u011fl\u0131yoruz.\",\"breadcrumb\":{\"@id\":\"https:\\\/\\\/www.ankaref.com\\\/cevre-odakli-surdurulebilirlik\\\/#breadcrumb\"},\"inLanguage\":\"ar\",\"potentialAction\":[{\"@type\":\"ReadAction\",\"target\":[\"https:\\\/\\\/www.ankaref.com\\\/cevre-odakli-surdurulebilirlik\\\/\"]}]},{\"@type\":\"BreadcrumbList\",\"@id\":\"https:\\\/\\\/www.ankaref.com\\\/cevre-odakli-surdurulebilirlik\\\/#breadcrumb\",\"itemListElement\":[{\"@type\":\"ListItem\",\"position\":1,\"name\":\"Anasayfa\",\"item\":\"https:\\\/\\\/www.ankaref.com\\\/\"},{\"@type\":\"ListItem\",\"position\":2,\"name\":\"\u00c7evre Odakl\u0131 S\u00fcrd\u00fcr\u00fclebilirlik\"}]},{\"@type\":\"WebSite\",\"@id\":\"https:\\\/\\\/www.ankaref.com\\\/#website\",\"url\":\"https:\\\/\\\/www.ankaref.com\\\/\",\"name\":\"Ankaref\",\"description\":\"IoT Knowledge Hub\",\"publisher\":{\"@id\":\"https:\\\/\\\/www.ankaref.com\\\/#organization\"},\"potentialAction\":[{\"@type\":\"SearchAction\",\"target\":{\"@type\":\"EntryPoint\",\"urlTemplate\":\"https:\\\/\\\/www.ankaref.com\\\/?s={search_term_string}\"},\"query-input\":{\"@type\":\"PropertyValueSpecification\",\"valueRequired\":true,\"valueName\":\"search_term_string\"}}],\"inLanguage\":\"ar\"},{\"@type\":\"Organization\",\"@id\":\"https:\\\/\\\/www.ankaref.com\\\/#organization\",\"name\":\"ANKAREF\",\"url\":\"https:\\\/\\\/www.ankaref.com\\\/\",\"logo\":{\"@type\":\"ImageObject\",\"inLanguage\":\"ar\",\"@id\":\"https:\\\/\\\/www.ankaref.com\\\/#\\\/schema\\\/logo\\\/image\\\/\",\"url\":\"https:\\\/\\\/www.ankaref.com\\\/wp-content\\\/uploads\\\/2023\\\/03\\\/ankaref-beyaz-1-e1747385803572.png\",\"contentUrl\":\"https:\\\/\\\/www.ankaref.com\\\/wp-content\\\/uploads\\\/2023\\\/03\\\/ankaref-beyaz-1-e1747385803572.png\",\"width\":150,\"height\":28,\"caption\":\"ANKAREF\"},\"image\":{\"@id\":\"https:\\\/\\\/www.ankaref.com\\\/#\\\/schema\\\/logo\\\/image\\\/\"},\"email\":\"info@ankaref.com\",\"telephone\":\"(0312) 299 21 64\",\"legalName\":\"Ankaref \u0130novasyon ve Teknoloji A.\u015e.\",\"publishingPrinciples\":\"https:\\\/\\\/www.ankaref.com\\\/hakkimizda\\\/\",\"actionableFeedbackPolicy\":\"https:\\\/\\\/www.ankaref.com\\\/aydinlatma-metni\\\/\",\"correctionsPolicy\":\"https:\\\/\\\/www.ankaref.com\\\/cerez-politikasi\\\/\",\"ethicsPolicy\":\"https:\\\/\\\/www.ankaref.com\\\/en\\\/kvkk\\\/\",\"diversityPolicy\":\"https:\\\/\\\/www.ankaref.com\\\/entegre-yonetim-sistemi-politikasi\\\/\"}]}<\/script>\n<!-- \/ Yoast SEO Premium plugin. -->","yoast_head_json":{"title":"\u0627\u0644\u0627\u0633\u062a\u062f\u0627\u0645\u0629 \u0627\u0644\u0628\u064a\u0626\u064a\u0629 | ANKAREF","description":"\u0628\u0627\u0633\u062a\u062e\u062f\u0627\u0645 \u062d\u0644\u0648\u0644\u0646\u0627 IoT\u060c \u0646\u0633\u062a\u062e\u062f\u0645 \u0627\u0644\u0637\u0627\u0642\u0629 \u0648\u0627\u0644\u0645\u064a\u0627\u0647 \u0628\u0643\u0641\u0627\u0621\u0629\u060c \u0648\u0646\u0642\u0644\u0644 \u0627\u0644\u0628\u0635\u0645\u0629 \u0627\u0644\u0643\u0631\u0628\u0648\u0646\u064a\u0629 \u0648\u0646\u0636\u0645\u0646 \u0645\u0633\u062a\u0642\u0628\u0644\u0627\u064b \u0645\u0633\u062a\u062f\u0627\u0645\u0627\u064b.","robots":{"index":"index","follow":"follow","max-snippet":"max-snippet:-1","max-image-preview":"max-image-preview:large","max-video-preview":"max-video-preview:-1"},"canonical":"https:\/\/www.ankaref.com\/ar\/al-istidamah-al-biiyah\/","og_locale":"ar_AR","og_type":"article","og_title":"\u00c7evre Odakl\u0131 S\u00fcrd\u00fcr\u00fclebilirlik","og_description":"IoT \u00e7\u00f6z\u00fcmlerimizle enerji ve suyu verimli kullan\u0131yor, karbon ayak izini azaltarak s\u00fcrd\u00fcr\u00fclebilir bir gelecek sa\u011fl\u0131yoruz.","og_url":"https:\/\/www.ankaref.com\/ar\/al-istidamah-al-biiyah\/","og_site_name":"Ankaref","article_modified_time":"2025-09-12T07:58:32+00:00","twitter_card":"summary_large_image","schema":{"@context":"https:\/\/schema.org","@graph":[{"@type":"WebPage","@id":"https:\/\/www.ankaref.com\/cevre-odakli-surdurulebilirlik\/","url":"https:\/\/www.ankaref.com\/cevre-odakli-surdurulebilirlik\/","name":"\u0627\u0644\u0627\u0633\u062a\u062f\u0627\u0645\u0629 \u0627\u0644\u0628\u064a\u0626\u064a\u0629 | ANKAREF","isPartOf":{"@id":"https:\/\/www.ankaref.com\/#website"},"datePublished":"2025-02-14T07:26:55+00:00","dateModified":"2025-09-12T07:58:32+00:00","description":"\u0628\u0627\u0633\u062a\u062e\u062f\u0627\u0645 \u062d\u0644\u0648\u0644\u0646\u0627 IoT\u060c \u0646\u0633\u062a\u062e\u062f\u0645 \u0627\u0644\u0637\u0627\u0642\u0629 \u0648\u0627\u0644\u0645\u064a\u0627\u0647 \u0628\u0643\u0641\u0627\u0621\u0629\u060c \u0648\u0646\u0642\u0644\u0644 \u0627\u0644\u0628\u0635\u0645\u0629 \u0627\u0644\u0643\u0631\u0628\u0648\u0646\u064a\u0629 \u0648\u0646\u0636\u0645\u0646 \u0645\u0633\u062a\u0642\u0628\u0644\u0627\u064b \u0645\u0633\u062a\u062f\u0627\u0645\u0627\u064b.","breadcrumb":{"@id":"https:\/\/www.ankaref.com\/cevre-odakli-surdurulebilirlik\/#breadcrumb"},"inLanguage":"ar","potentialAction":[{"@type":"ReadAction","target":["https:\/\/www.ankaref.com\/cevre-odakli-surdurulebilirlik\/"]}]},{"@type":"BreadcrumbList","@id":"https:\/\/www.ankaref.com\/cevre-odakli-surdurulebilirlik\/#breadcrumb","itemListElement":[{"@type":"ListItem","position":1,"name":"Anasayfa","item":"https:\/\/www.ankaref.com\/"},{"@type":"ListItem","position":2,"name":"\u00c7evre Odakl\u0131 S\u00fcrd\u00fcr\u00fclebilirlik"}]},{"@type":"WebSite","@id":"https:\/\/www.ankaref.com\/#website","url":"https:\/\/www.ankaref.com\/","name":"Ankaref","description":"IoT Knowledge Hub","publisher":{"@id":"https:\/\/www.ankaref.com\/#organization"},"potentialAction":[{"@type":"SearchAction","target":{"@type":"EntryPoint","urlTemplate":"https:\/\/www.ankaref.com\/?s={search_term_string}"},"query-input":{"@type":"PropertyValueSpecification","valueRequired":true,"valueName":"search_term_string"}}],"inLanguage":"ar"},{"@type":"Organization","@id":"https:\/\/www.ankaref.com\/#organization","name":"ANKAREF","url":"https:\/\/www.ankaref.com\/","logo":{"@type":"ImageObject","inLanguage":"ar","@id":"https:\/\/www.ankaref.com\/#\/schema\/logo\/image\/","url":"https:\/\/www.ankaref.com\/wp-content\/uploads\/2023\/03\/ankaref-beyaz-1-e1747385803572.png","contentUrl":"https:\/\/www.ankaref.com\/wp-content\/uploads\/2023\/03\/ankaref-beyaz-1-e1747385803572.png","width":150,"height":28,"caption":"ANKAREF"},"image":{"@id":"https:\/\/www.ankaref.com\/#\/schema\/logo\/image\/"},"email":"info@ankaref.com","telephone":"(0312) 299 21 64","legalName":"Ankaref \u0130novasyon ve Teknoloji A.\u015e.","publishingPrinciples":"https:\/\/www.ankaref.com\/hakkimizda\/","actionableFeedbackPolicy":"https:\/\/www.ankaref.com\/aydinlatma-metni\/","correctionsPolicy":"https:\/\/www.ankaref.com\/cerez-politikasi\/","ethicsPolicy":"https:\/\/www.ankaref.com\/en\/kvkk\/","diversityPolicy":"https:\/\/www.ankaref.com\/entegre-yonetim-sistemi-politikasi\/"}]}},"_links":{"self":[{"href":"https:\/\/www.ankaref.com\/ar\/wp-json\/wp\/v2\/pages\/988993","targetHints":{"allow":["GET"]}}],"collection":[{"href":"https:\/\/www.ankaref.com\/ar\/wp-json\/wp\/v2\/pages"}],"about":[{"href":"https:\/\/www.ankaref.com\/ar\/wp-json\/wp\/v2\/types\/page"}],"author":[{"embeddable":true,"href":"https:\/\/www.ankaref.com\/ar\/wp-json\/wp\/v2\/users\/1"}],"replies":[{"embeddable":true,"href":"https:\/\/www.ankaref.com\/ar\/wp-json\/wp\/v2\/comments?post=988993"}],"version-history":[{"count":2,"href":"https:\/\/www.ankaref.com\/ar\/wp-json\/wp\/v2\/pages\/988993\/revisions"}],"predecessor-version":[{"id":989382,"href":"https:\/\/www.ankaref.com\/ar\/wp-json\/wp\/v2\/pages\/988993\/revisions\/989382"}],"wp:attachment":[{"href":"https:\/\/www.ankaref.com\/ar\/wp-json\/wp\/v2\/media?parent=988993"}],"curies":[{"name":"wp","href":"https:\/\/api.w.org\/{rel}","templated":true}]}}