{"id":990919,"date":"2025-02-27T10:18:50","date_gmt":"2025-02-27T07:18:50","guid":{"rendered":"https:\/\/www.ankaref.com\/?page_id=990919"},"modified":"2025-09-12T15:33:41","modified_gmt":"2025-09-12T12:33:41","slug":"nass-al-tawdiih","status":"publish","type":"page","link":"https:\/\/www.ankaref.com\/ar\/aydinlatma-metni\/","title":{"rendered":"\u0625\u0634\u0639\u0627\u0631 \u0627\u0644\u062e\u0635\u0648\u0635\u064a\u0629"},"content":{"rendered":"","protected":false},"excerpt":{"rendered":"","protected":false},"author":1,"featured_media":0,"parent":0,"menu_order":0,"comment_status":"closed","ping_status":"closed","template":"","meta":{"footnotes":""},"class_list":["post-990919","page","type-page","status-publish","hentry"],"yoast_head":"<!-- This site is optimized with the Yoast SEO Premium plugin v26.1 (Yoast SEO v27.4) - https:\/\/yoast.com\/product\/yoast-seo-premium-wordpress\/ -->\n<title>Ayd\u0131nlatma Metni | ANKAREF<\/title>\n<meta name=\"description\" content=\"Gizlilik haklar\u0131n\u0131za sayg\u0131 duyuyoruz; ki\u015fisel verilerinizin nas\u0131l i\u015flendi\u011fini Ayd\u0131nlatma Metnimizde inceleyebilirsiniz.\" \/>\n<meta name=\"robots\" content=\"index, follow, max-snippet:-1, max-image-preview:large, max-video-preview:-1\" \/>\n<link rel=\"canonical\" href=\"https:\/\/www.ankaref.com\/ar\/nass-al-tawdiih\/\" \/>\n<meta property=\"og:locale\" content=\"ar_AR\" \/>\n<meta property=\"og:type\" content=\"article\" \/>\n<meta property=\"og:title\" content=\"Ayd\u0131nlatma Metni\" \/>\n<meta property=\"og:description\" content=\"Gizlilik haklar\u0131n\u0131za sayg\u0131 duyuyoruz; ki\u015fisel verilerinizin nas\u0131l i\u015flendi\u011fini Ayd\u0131nlatma Metnimizde inceleyebilirsiniz.\" \/>\n<meta property=\"og:url\" content=\"https:\/\/www.ankaref.com\/ar\/nass-al-tawdiih\/\" \/>\n<meta property=\"og:site_name\" content=\"Ankaref\" \/>\n<meta property=\"article:modified_time\" content=\"2025-09-12T12:33:41+00:00\" \/>\n<meta name=\"twitter:card\" content=\"summary_large_image\" \/>\n<script type=\"application\/ld+json\" class=\"yoast-schema-graph\">{\"@context\":\"https:\\\/\\\/schema.org\",\"@graph\":[{\"@type\":\"WebPage\",\"@id\":\"https:\\\/\\\/www.ankaref.com\\\/aydinlatma-metni\\\/\",\"url\":\"https:\\\/\\\/www.ankaref.com\\\/aydinlatma-metni\\\/\",\"name\":\"Ayd\u0131nlatma Metni | ANKAREF\",\"isPartOf\":{\"@id\":\"https:\\\/\\\/www.ankaref.com\\\/#website\"},\"datePublished\":\"2025-02-27T07:18:50+00:00\",\"dateModified\":\"2025-09-12T12:33:41+00:00\",\"description\":\"Gizlilik haklar\u0131n\u0131za sayg\u0131 duyuyoruz; ki\u015fisel verilerinizin nas\u0131l i\u015flendi\u011fini Ayd\u0131nlatma Metnimizde inceleyebilirsiniz.\",\"breadcrumb\":{\"@id\":\"https:\\\/\\\/www.ankaref.com\\\/aydinlatma-metni\\\/#breadcrumb\"},\"inLanguage\":\"ar\",\"potentialAction\":[{\"@type\":\"ReadAction\",\"target\":[\"https:\\\/\\\/www.ankaref.com\\\/aydinlatma-metni\\\/\"]}]},{\"@type\":\"BreadcrumbList\",\"@id\":\"https:\\\/\\\/www.ankaref.com\\\/aydinlatma-metni\\\/#breadcrumb\",\"itemListElement\":[{\"@type\":\"ListItem\",\"position\":1,\"name\":\"Anasayfa\",\"item\":\"https:\\\/\\\/www.ankaref.com\\\/\"},{\"@type\":\"ListItem\",\"position\":2,\"name\":\"Ayd\u0131nlatma Metni\"}]},{\"@type\":\"WebSite\",\"@id\":\"https:\\\/\\\/www.ankaref.com\\\/#website\",\"url\":\"https:\\\/\\\/www.ankaref.com\\\/\",\"name\":\"Ankaref\",\"description\":\"IoT Knowledge Hub\",\"publisher\":{\"@id\":\"https:\\\/\\\/www.ankaref.com\\\/#organization\"},\"potentialAction\":[{\"@type\":\"SearchAction\",\"target\":{\"@type\":\"EntryPoint\",\"urlTemplate\":\"https:\\\/\\\/www.ankaref.com\\\/?s={search_term_string}\"},\"query-input\":{\"@type\":\"PropertyValueSpecification\",\"valueRequired\":true,\"valueName\":\"search_term_string\"}}],\"inLanguage\":\"ar\"},{\"@type\":\"Organization\",\"@id\":\"https:\\\/\\\/www.ankaref.com\\\/#organization\",\"name\":\"ANKAREF\",\"url\":\"https:\\\/\\\/www.ankaref.com\\\/\",\"logo\":{\"@type\":\"ImageObject\",\"inLanguage\":\"ar\",\"@id\":\"https:\\\/\\\/www.ankaref.com\\\/#\\\/schema\\\/logo\\\/image\\\/\",\"url\":\"https:\\\/\\\/www.ankaref.com\\\/wp-content\\\/uploads\\\/2023\\\/03\\\/ankaref-beyaz-1-e1747385803572.png\",\"contentUrl\":\"https:\\\/\\\/www.ankaref.com\\\/wp-content\\\/uploads\\\/2023\\\/03\\\/ankaref-beyaz-1-e1747385803572.png\",\"width\":150,\"height\":28,\"caption\":\"ANKAREF\"},\"image\":{\"@id\":\"https:\\\/\\\/www.ankaref.com\\\/#\\\/schema\\\/logo\\\/image\\\/\"},\"email\":\"info@ankaref.com\",\"telephone\":\"(0312) 299 21 64\",\"legalName\":\"Ankaref \u0130novasyon ve Teknoloji A.\u015e.\",\"publishingPrinciples\":\"https:\\\/\\\/www.ankaref.com\\\/hakkimizda\\\/\",\"actionableFeedbackPolicy\":\"https:\\\/\\\/www.ankaref.com\\\/aydinlatma-metni\\\/\",\"correctionsPolicy\":\"https:\\\/\\\/www.ankaref.com\\\/cerez-politikasi\\\/\",\"ethicsPolicy\":\"https:\\\/\\\/www.ankaref.com\\\/en\\\/kvkk\\\/\",\"diversityPolicy\":\"https:\\\/\\\/www.ankaref.com\\\/entegre-yonetim-sistemi-politikasi\\\/\"}]}<\/script>\n<!-- \/ Yoast SEO Premium plugin. -->","yoast_head_json":{"title":"\u0625\u0634\u0639\u0627\u0631 \u0627\u0644\u062a\u0648\u0636\u064a\u062d | ANKAREF","description":"\u0646\u0641\u064a \u0628\u062c\u0645\u064a\u0639 \u0627\u0644\u062a\u0632\u0627\u0645\u0627\u062a\u0646\u0627 \u0628\u0645\u0648\u062c\u0628 \u0642\u0627\u0646\u0648\u0646 \u062d\u0645\u0627\u064a\u0629 \u0627\u0644\u0628\u064a\u0627\u0646\u0627\u062a \u0627\u0644\u0634\u062e\u0635\u064a\u0629\u060c \u0648\u0646\u062d\u0645\u064a \u0628\u064a\u0627\u0646\u0627\u062a\u0643 \u0628\u0634\u0643\u0644 \u0622\u0645\u0646 \u0648\u0634\u0641\u0627\u0641.","robots":{"index":"index","follow":"follow","max-snippet":"max-snippet:-1","max-image-preview":"max-image-preview:large","max-video-preview":"max-video-preview:-1"},"canonical":"https:\/\/www.ankaref.com\/ar\/nass-al-tawdiih\/","og_locale":"ar_AR","og_type":"article","og_title":"Ayd\u0131nlatma Metni","og_description":"Gizlilik haklar\u0131n\u0131za sayg\u0131 duyuyoruz; ki\u015fisel verilerinizin nas\u0131l i\u015flendi\u011fini Ayd\u0131nlatma Metnimizde inceleyebilirsiniz.","og_url":"https:\/\/www.ankaref.com\/ar\/nass-al-tawdiih\/","og_site_name":"Ankaref","article_modified_time":"2025-09-12T12:33:41+00:00","twitter_card":"summary_large_image","schema":{"@context":"https:\/\/schema.org","@graph":[{"@type":"WebPage","@id":"https:\/\/www.ankaref.com\/aydinlatma-metni\/","url":"https:\/\/www.ankaref.com\/aydinlatma-metni\/","name":"\u0625\u0634\u0639\u0627\u0631 \u0627\u0644\u062a\u0648\u0636\u064a\u062d | ANKAREF","isPartOf":{"@id":"https:\/\/www.ankaref.com\/#website"},"datePublished":"2025-02-27T07:18:50+00:00","dateModified":"2025-09-12T12:33:41+00:00","description":"\u0646\u0641\u064a \u0628\u062c\u0645\u064a\u0639 \u0627\u0644\u062a\u0632\u0627\u0645\u0627\u062a\u0646\u0627 \u0628\u0645\u0648\u062c\u0628 \u0642\u0627\u0646\u0648\u0646 \u062d\u0645\u0627\u064a\u0629 \u0627\u0644\u0628\u064a\u0627\u0646\u0627\u062a \u0627\u0644\u0634\u062e\u0635\u064a\u0629\u060c \u0648\u0646\u062d\u0645\u064a \u0628\u064a\u0627\u0646\u0627\u062a\u0643 \u0628\u0634\u0643\u0644 \u0622\u0645\u0646 \u0648\u0634\u0641\u0627\u0641.","breadcrumb":{"@id":"https:\/\/www.ankaref.com\/aydinlatma-metni\/#breadcrumb"},"inLanguage":"ar","potentialAction":[{"@type":"ReadAction","target":["https:\/\/www.ankaref.com\/aydinlatma-metni\/"]}]},{"@type":"BreadcrumbList","@id":"https:\/\/www.ankaref.com\/aydinlatma-metni\/#breadcrumb","itemListElement":[{"@type":"ListItem","position":1,"name":"Anasayfa","item":"https:\/\/www.ankaref.com\/"},{"@type":"ListItem","position":2,"name":"Ayd\u0131nlatma Metni"}]},{"@type":"WebSite","@id":"https:\/\/www.ankaref.com\/#website","url":"https:\/\/www.ankaref.com\/","name":"Ankaref","description":"IoT Knowledge Hub","publisher":{"@id":"https:\/\/www.ankaref.com\/#organization"},"potentialAction":[{"@type":"SearchAction","target":{"@type":"EntryPoint","urlTemplate":"https:\/\/www.ankaref.com\/?s={search_term_string}"},"query-input":{"@type":"PropertyValueSpecification","valueRequired":true,"valueName":"search_term_string"}}],"inLanguage":"ar"},{"@type":"Organization","@id":"https:\/\/www.ankaref.com\/#organization","name":"ANKAREF","url":"https:\/\/www.ankaref.com\/","logo":{"@type":"ImageObject","inLanguage":"ar","@id":"https:\/\/www.ankaref.com\/#\/schema\/logo\/image\/","url":"https:\/\/www.ankaref.com\/wp-content\/uploads\/2023\/03\/ankaref-beyaz-1-e1747385803572.png","contentUrl":"https:\/\/www.ankaref.com\/wp-content\/uploads\/2023\/03\/ankaref-beyaz-1-e1747385803572.png","width":150,"height":28,"caption":"ANKAREF"},"image":{"@id":"https:\/\/www.ankaref.com\/#\/schema\/logo\/image\/"},"email":"info@ankaref.com","telephone":"(0312) 299 21 64","legalName":"Ankaref \u0130novasyon ve Teknoloji A.\u015e.","publishingPrinciples":"https:\/\/www.ankaref.com\/hakkimizda\/","actionableFeedbackPolicy":"https:\/\/www.ankaref.com\/aydinlatma-metni\/","correctionsPolicy":"https:\/\/www.ankaref.com\/cerez-politikasi\/","ethicsPolicy":"https:\/\/www.ankaref.com\/en\/kvkk\/","diversityPolicy":"https:\/\/www.ankaref.com\/entegre-yonetim-sistemi-politikasi\/"}]}},"_links":{"self":[{"href":"https:\/\/www.ankaref.com\/ar\/wp-json\/wp\/v2\/pages\/990919","targetHints":{"allow":["GET"]}}],"collection":[{"href":"https:\/\/www.ankaref.com\/ar\/wp-json\/wp\/v2\/pages"}],"about":[{"href":"https:\/\/www.ankaref.com\/ar\/wp-json\/wp\/v2\/types\/page"}],"author":[{"embeddable":true,"href":"https:\/\/www.ankaref.com\/ar\/wp-json\/wp\/v2\/users\/1"}],"replies":[{"embeddable":true,"href":"https:\/\/www.ankaref.com\/ar\/wp-json\/wp\/v2\/comments?post=990919"}],"version-history":[{"count":1,"href":"https:\/\/www.ankaref.com\/ar\/wp-json\/wp\/v2\/pages\/990919\/revisions"}],"predecessor-version":[{"id":990921,"href":"https:\/\/www.ankaref.com\/ar\/wp-json\/wp\/v2\/pages\/990919\/revisions\/990921"}],"wp:attachment":[{"href":"https:\/\/www.ankaref.com\/ar\/wp-json\/wp\/v2\/media?parent=990919"}],"curies":[{"name":"wp","href":"https:\/\/api.w.org\/{rel}","templated":true}]}}