{"id":988191,"date":"2025-02-12T22:37:20","date_gmt":"2025-02-12T19:37:20","guid":{"rendered":"https:\/\/www.ankaref.com\/?page_id=988191"},"modified":"2025-11-27T12:10:21","modified_gmt":"2025-11-27T09:10:21","slug":"vision-und-mission","status":"publish","type":"page","link":"https:\/\/www.ankaref.com\/de\/vizyon-misyon\/","title":{"rendered":"Vision &amp; Mission"},"content":{"rendered":"<div data-elementor-type=\"wp-page\" data-elementor-id=\"988191\" class=\"elementor elementor-988191\" data-elementor-post-type=\"page\">\n\t\t\t\t<div class=\"elementor-element elementor-element-13c9b7b9 e-con-full e-flex e-con e-parent\" data-id=\"13c9b7b9\" data-element_type=\"container\" data-e-type=\"container\" data-settings=\"{&quot;background_background&quot;:&quot;classic&quot;,&quot;ekit_has_onepagescroll_dot&quot;:&quot;yes&quot;}\">\n\t\t<div class=\"elementor-element elementor-element-5ad6a4df e-con-full e-flex e-con e-child\" data-id=\"5ad6a4df\" data-element_type=\"container\" data-e-type=\"container\" data-settings=\"{&quot;ekit_has_onepagescroll_dot&quot;:&quot;yes&quot;}\">\n\t\t\t\t<div class=\"elementor-element elementor-element-340104a2 animated-slow elementor-invisible elementor-widget elementor-widget-heading\" data-id=\"340104a2\" data-element_type=\"widget\" data-e-type=\"widget\" data-settings=\"{&quot;_animation&quot;:&quot;fadeIn&quot;,&quot;_animation_tablet&quot;:&quot;none&quot;,&quot;ekit_we_effect_on&quot;:&quot;none&quot;}\" data-widget_type=\"heading.default\">\n\t\t\t\t<div class=\"elementor-widget-container\">\n\t\t\t\t\t<h1 class=\"elementor-heading-title elementor-size-default\">Vision &amp; Mission<\/h1>\t\t\t\t<\/div>\n\t\t\t\t<\/div>\n\t\t\t\t<\/div>\n\t\t\t\t<\/div>\n\t\t<div class=\"elementor-element elementor-element-40ca30c0 e-flex e-con-boxed e-con e-parent\" data-id=\"40ca30c0\" data-element_type=\"container\" data-e-type=\"container\" data-settings=\"{&quot;background_background&quot;:&quot;classic&quot;,&quot;ekit_has_onepagescroll_dot&quot;:&quot;yes&quot;}\">\n\t\t\t\t\t<div class=\"e-con-inner\">\n\t\t<div class=\"elementor-element elementor-element-2b3712bf e-con-full e-flex e-con e-child\" data-id=\"2b3712bf\" data-element_type=\"container\" data-e-type=\"container\" data-settings=\"{&quot;ekit_has_onepagescroll_dot&quot;:&quot;yes&quot;}\">\n\t\t<div class=\"elementor-element elementor-element-6c67213b e-grid e-con-full e-con e-child\" data-id=\"6c67213b\" data-element_type=\"container\" data-e-type=\"container\" data-settings=\"{&quot;background_background&quot;:&quot;classic&quot;,&quot;ekit_has_onepagescroll_dot&quot;:&quot;yes&quot;}\">\n\t\t\t\t<div class=\"elementor-element elementor-element-41bc430c elementor-widget elementor-widget-elementskit-heading\" data-id=\"41bc430c\" data-element_type=\"widget\" data-e-type=\"widget\" data-settings=\"{&quot;ekit_we_effect_on&quot;:&quot;none&quot;}\" data-widget_type=\"elementskit-heading.default\">\n\t\t\t\t<div class=\"elementor-widget-container\">\n\t\t\t\t\t<div class=\"ekit-wid-con\" ><div class=\"ekit-heading elementskit-section-title-wraper text_left   ekit_heading_tablet-   ekit_heading_mobile-\"><h2 class=\"ekit-heading--title elementskit-section-title\">Vision<\/h2>\t\t\t\t<div class='ekit-heading__description'>\n\t\t\t\t\t<p>Das im Laufe unserer bisherigen Arbeiten erworbene technologische Know-how haben wir in unseren Prozessen vom Zweck zum Werkzeug weiterentwickelt.\nDank dieses Prozesswissens verfolgen wir das Ziel, einer der f\u00fchrenden IoT-Operatoren der Welt zu werden.<\/p>\n\t\t\t\t<\/div>\n\t\t\t<\/div><\/div>\t\t\t\t<\/div>\n\t\t\t\t<\/div>\n\t\t\t\t<div class=\"elementor-element elementor-element-48ac3563 elementor-widget elementor-widget-elementskit-heading\" data-id=\"48ac3563\" data-element_type=\"widget\" data-e-type=\"widget\" data-settings=\"{&quot;ekit_we_effect_on&quot;:&quot;none&quot;}\" data-widget_type=\"elementskit-heading.default\">\n\t\t\t\t<div class=\"elementor-widget-container\">\n\t\t\t\t\t<div class=\"ekit-wid-con\" ><div class=\"ekit-heading elementskit-section-title-wraper text_left   ekit_heading_tablet-   ekit_heading_mobile-\"><h2 class=\"ekit-heading--title elementskit-section-title\">Mission<\/h2>\t\t\t\t<div class='ekit-heading__description'>\n\t\t\t\t\t<p>Ohne zu vergessen, dass auch wir selbst Kunden sind, halten wir die Kundenzufriedenheit stets auf h\u00f6chstem Niveau. Wir sind uns bewusst, dass wir die Prozesse unserer Kunden mindestens so gut kennenlernen m\u00fcssen wie sie selbst, und ihnen innovative IoT-L\u00f6sungen anbieten wollen, die ihnen Kostenersparnisse, Qualit\u00e4tssteigerungen oder eine St\u00e4rkung ihres Markenwertes erm\u00f6glichen \u2013 und das alles bei minimaler Beeintr\u00e4chtigung ihrer laufenden Abl\u00e4ufe.<\/p>\n\t\t\t\t<\/div>\n\t\t\t<\/div><\/div>\t\t\t\t<\/div>\n\t\t\t\t<\/div>\n\t\t\t\t<\/div>\n\t\t\t\t<\/div>\n\t\t\t\t\t<\/div>\n\t\t\t\t<\/div>\n\t\t\t\t<\/div>","protected":false},"excerpt":{"rendered":"<p>Vizyon &amp; Misyon Vizyon Bug\u00fcne kadar ger\u00e7ekle\u015ftirdi\u011fimiz \u00e7al\u0131\u015fmalar sonucunda edindi\u011fimiz teknoloji bilgisini, s\u00fcre\u00e7lerimizde ama\u00e7 olmaktan \u00e7\u0131kar\u0131p ara\u00e7 haline getirdik. Bu s\u00fcre\u00e7 bilgisi sayesinde, d\u00fcnyan\u0131n \u00f6nde gelen IoT operat\u00f6rlerinden biri olmay\u0131 hedefliyoruz. Misyon \u00d6ncelikle m\u00fc\u015fteri oldu\u011fumuzu unutmadan, m\u00fc\u015fteri memnuniyetini en \u00fcst seviyede tutarak, m\u00fc\u015fterilerimizin s\u00fcre\u00e7lerini en az onlar kadar \u00f6\u011frenmenin ve m\u00fc\u015fterilerimize maliyet avantaj\u0131, kalite art\u0131\u015f\u0131&#8230;<\/p>","protected":false},"author":1,"featured_media":0,"parent":0,"menu_order":0,"comment_status":"closed","ping_status":"closed","template":"","meta":{"footnotes":""},"class_list":["post-988191","page","type-page","status-publish","hentry"],"yoast_head":"<!-- This site is optimized with the Yoast SEO Premium plugin v26.1 (Yoast SEO v27.4) - https:\/\/yoast.com\/product\/yoast-seo-premium-wordpress\/ -->\n<title>Vizyon &amp; Misyon | ANKAREF<\/title>\n<meta name=\"description\" content=\"Gelece\u011fi, insan ve do\u011fa i\u00e7in teknolojiyle daha ya\u015fanabilir k\u0131lmay\u0131 vizyon ve misyonumuzun merkezine koyuyoruz.\" \/>\n<meta name=\"robots\" content=\"index, follow, max-snippet:-1, max-image-preview:large, max-video-preview:-1\" \/>\n<link rel=\"canonical\" href=\"https:\/\/www.ankaref.com\/de\/vision-und-mission\/\" \/>\n<meta property=\"og:locale\" content=\"de_DE\" \/>\n<meta property=\"og:type\" content=\"article\" \/>\n<meta property=\"og:title\" content=\"Vizyon Misyon\" \/>\n<meta property=\"og:description\" content=\"Gelece\u011fi, insan ve do\u011fa i\u00e7in teknolojiyle daha ya\u015fanabilir k\u0131lmay\u0131 vizyon ve misyonumuzun merkezine koyuyoruz.\" \/>\n<meta property=\"og:url\" content=\"https:\/\/www.ankaref.com\/de\/vision-und-mission\/\" \/>\n<meta property=\"og:site_name\" content=\"Ankaref\" \/>\n<meta property=\"article:modified_time\" content=\"2025-11-27T09:10:21+00:00\" \/>\n<meta name=\"twitter:card\" content=\"summary_large_image\" \/>\n<meta name=\"twitter:label1\" content=\"Gesch\u00e4tzte Lesezeit\" \/>\n\t<meta name=\"twitter:data1\" content=\"1\u00a0Minute\" \/>\n<script type=\"application\/ld+json\" class=\"yoast-schema-graph\">{\"@context\":\"https:\\\/\\\/schema.org\",\"@graph\":[{\"@type\":\"WebPage\",\"@id\":\"https:\\\/\\\/www.ankaref.com\\\/vizyon-misyon\\\/\",\"url\":\"https:\\\/\\\/www.ankaref.com\\\/vizyon-misyon\\\/\",\"name\":\"Vizyon & Misyon | ANKAREF\",\"isPartOf\":{\"@id\":\"https:\\\/\\\/www.ankaref.com\\\/#website\"},\"datePublished\":\"2025-02-12T19:37:20+00:00\",\"dateModified\":\"2025-11-27T09:10:21+00:00\",\"description\":\"Gelece\u011fi, insan ve do\u011fa i\u00e7in teknolojiyle daha ya\u015fanabilir k\u0131lmay\u0131 vizyon ve misyonumuzun merkezine koyuyoruz.\",\"breadcrumb\":{\"@id\":\"https:\\\/\\\/www.ankaref.com\\\/vizyon-misyon\\\/#breadcrumb\"},\"inLanguage\":\"de\",\"potentialAction\":[{\"@type\":\"ReadAction\",\"target\":[\"https:\\\/\\\/www.ankaref.com\\\/vizyon-misyon\\\/\"]}]},{\"@type\":\"BreadcrumbList\",\"@id\":\"https:\\\/\\\/www.ankaref.com\\\/vizyon-misyon\\\/#breadcrumb\",\"itemListElement\":[{\"@type\":\"ListItem\",\"position\":1,\"name\":\"Anasayfa\",\"item\":\"https:\\\/\\\/www.ankaref.com\\\/\"},{\"@type\":\"ListItem\",\"position\":2,\"name\":\"Vizyon Misyon\"}]},{\"@type\":\"WebSite\",\"@id\":\"https:\\\/\\\/www.ankaref.com\\\/#website\",\"url\":\"https:\\\/\\\/www.ankaref.com\\\/\",\"name\":\"Ankaref\",\"description\":\"IoT Knowledge Hub\",\"publisher\":{\"@id\":\"https:\\\/\\\/www.ankaref.com\\\/#organization\"},\"potentialAction\":[{\"@type\":\"SearchAction\",\"target\":{\"@type\":\"EntryPoint\",\"urlTemplate\":\"https:\\\/\\\/www.ankaref.com\\\/?s={search_term_string}\"},\"query-input\":{\"@type\":\"PropertyValueSpecification\",\"valueRequired\":true,\"valueName\":\"search_term_string\"}}],\"inLanguage\":\"de\"},{\"@type\":\"Organization\",\"@id\":\"https:\\\/\\\/www.ankaref.com\\\/#organization\",\"name\":\"ANKAREF\",\"url\":\"https:\\\/\\\/www.ankaref.com\\\/\",\"logo\":{\"@type\":\"ImageObject\",\"inLanguage\":\"de\",\"@id\":\"https:\\\/\\\/www.ankaref.com\\\/#\\\/schema\\\/logo\\\/image\\\/\",\"url\":\"https:\\\/\\\/www.ankaref.com\\\/wp-content\\\/uploads\\\/2023\\\/03\\\/ankaref-beyaz-1-e1747385803572.png\",\"contentUrl\":\"https:\\\/\\\/www.ankaref.com\\\/wp-content\\\/uploads\\\/2023\\\/03\\\/ankaref-beyaz-1-e1747385803572.png\",\"width\":150,\"height\":28,\"caption\":\"ANKAREF\"},\"image\":{\"@id\":\"https:\\\/\\\/www.ankaref.com\\\/#\\\/schema\\\/logo\\\/image\\\/\"},\"email\":\"info@ankaref.com\",\"telephone\":\"(0312) 299 21 64\",\"legalName\":\"Ankaref \u0130novasyon ve Teknoloji A.\u015e.\",\"publishingPrinciples\":\"https:\\\/\\\/www.ankaref.com\\\/hakkimizda\\\/\",\"actionableFeedbackPolicy\":\"https:\\\/\\\/www.ankaref.com\\\/aydinlatma-metni\\\/\",\"correctionsPolicy\":\"https:\\\/\\\/www.ankaref.com\\\/cerez-politikasi\\\/\",\"ethicsPolicy\":\"https:\\\/\\\/www.ankaref.com\\\/en\\\/kvkk\\\/\",\"diversityPolicy\":\"https:\\\/\\\/www.ankaref.com\\\/entegre-yonetim-sistemi-politikasi\\\/\"}]}<\/script>\n<!-- \/ Yoast SEO Premium plugin. -->","yoast_head_json":{"title":"Vision &amp; Mission | ANKAREF","description":"Wir stellen eine lebenswertere Zukunft f\u00fcr Mensch und Natur in den Mittelpunkt unserer Vision und Mission \u2013 mithilfe von Technologie.","robots":{"index":"index","follow":"follow","max-snippet":"max-snippet:-1","max-image-preview":"max-image-preview:large","max-video-preview":"max-video-preview:-1"},"canonical":"https:\/\/www.ankaref.com\/de\/vision-und-mission\/","og_locale":"de_DE","og_type":"article","og_title":"Vizyon Misyon","og_description":"Gelece\u011fi, insan ve do\u011fa i\u00e7in teknolojiyle daha ya\u015fanabilir k\u0131lmay\u0131 vizyon ve misyonumuzun merkezine koyuyoruz.","og_url":"https:\/\/www.ankaref.com\/de\/vision-und-mission\/","og_site_name":"Ankaref","article_modified_time":"2025-11-27T09:10:21+00:00","twitter_card":"summary_large_image","twitter_misc":{"Gesch\u00e4tzte Lesezeit":"1\u00a0Minute"},"schema":{"@context":"https:\/\/schema.org","@graph":[{"@type":"WebPage","@id":"https:\/\/www.ankaref.com\/vizyon-misyon\/","url":"https:\/\/www.ankaref.com\/vizyon-misyon\/","name":"Vision &amp; Mission | ANKAREF","isPartOf":{"@id":"https:\/\/www.ankaref.com\/#website"},"datePublished":"2025-02-12T19:37:20+00:00","dateModified":"2025-11-27T09:10:21+00:00","description":"Wir stellen eine lebenswertere Zukunft f\u00fcr Mensch und Natur in den Mittelpunkt unserer Vision und Mission \u2013 mithilfe von Technologie.","breadcrumb":{"@id":"https:\/\/www.ankaref.com\/vizyon-misyon\/#breadcrumb"},"inLanguage":"de","potentialAction":[{"@type":"ReadAction","target":["https:\/\/www.ankaref.com\/vizyon-misyon\/"]}]},{"@type":"BreadcrumbList","@id":"https:\/\/www.ankaref.com\/vizyon-misyon\/#breadcrumb","itemListElement":[{"@type":"ListItem","position":1,"name":"Anasayfa","item":"https:\/\/www.ankaref.com\/"},{"@type":"ListItem","position":2,"name":"Vizyon Misyon"}]},{"@type":"WebSite","@id":"https:\/\/www.ankaref.com\/#website","url":"https:\/\/www.ankaref.com\/","name":"Ankaref","description":"IoT Knowledge Hub","publisher":{"@id":"https:\/\/www.ankaref.com\/#organization"},"potentialAction":[{"@type":"SearchAction","target":{"@type":"EntryPoint","urlTemplate":"https:\/\/www.ankaref.com\/?s={search_term_string}"},"query-input":{"@type":"PropertyValueSpecification","valueRequired":true,"valueName":"search_term_string"}}],"inLanguage":"de"},{"@type":"Organization","@id":"https:\/\/www.ankaref.com\/#organization","name":"ANKAREF","url":"https:\/\/www.ankaref.com\/","logo":{"@type":"ImageObject","inLanguage":"de","@id":"https:\/\/www.ankaref.com\/#\/schema\/logo\/image\/","url":"https:\/\/www.ankaref.com\/wp-content\/uploads\/2023\/03\/ankaref-beyaz-1-e1747385803572.png","contentUrl":"https:\/\/www.ankaref.com\/wp-content\/uploads\/2023\/03\/ankaref-beyaz-1-e1747385803572.png","width":150,"height":28,"caption":"ANKAREF"},"image":{"@id":"https:\/\/www.ankaref.com\/#\/schema\/logo\/image\/"},"email":"info@ankaref.com","telephone":"(0312) 299 21 64","legalName":"Ankaref \u0130novasyon ve Teknoloji A.\u015e.","publishingPrinciples":"https:\/\/www.ankaref.com\/hakkimizda\/","actionableFeedbackPolicy":"https:\/\/www.ankaref.com\/aydinlatma-metni\/","correctionsPolicy":"https:\/\/www.ankaref.com\/cerez-politikasi\/","ethicsPolicy":"https:\/\/www.ankaref.com\/en\/kvkk\/","diversityPolicy":"https:\/\/www.ankaref.com\/entegre-yonetim-sistemi-politikasi\/"}]}},"_links":{"self":[{"href":"https:\/\/www.ankaref.com\/de\/wp-json\/wp\/v2\/pages\/988191","targetHints":{"allow":["GET"]}}],"collection":[{"href":"https:\/\/www.ankaref.com\/de\/wp-json\/wp\/v2\/pages"}],"about":[{"href":"https:\/\/www.ankaref.com\/de\/wp-json\/wp\/v2\/types\/page"}],"author":[{"embeddable":true,"href":"https:\/\/www.ankaref.com\/de\/wp-json\/wp\/v2\/users\/1"}],"replies":[{"embeddable":true,"href":"https:\/\/www.ankaref.com\/de\/wp-json\/wp\/v2\/comments?post=988191"}],"version-history":[{"count":24,"href":"https:\/\/www.ankaref.com\/de\/wp-json\/wp\/v2\/pages\/988191\/revisions"}],"predecessor-version":[{"id":997591,"href":"https:\/\/www.ankaref.com\/de\/wp-json\/wp\/v2\/pages\/988191\/revisions\/997591"}],"wp:attachment":[{"href":"https:\/\/www.ankaref.com\/de\/wp-json\/wp\/v2\/media?parent=988191"}],"curies":[{"name":"wp","href":"https:\/\/api.w.org\/{rel}","templated":true}]}}