{"id":993518,"date":"2025-04-10T14:52:06","date_gmt":"2025-04-10T11:52:06","guid":{"rendered":"https:\/\/www.ankaref.com\/?page_id=993518"},"modified":"2025-09-17T14:03:39","modified_gmt":"2025-09-17T11:03:39","slug":"tierhaltung","status":"publish","type":"page","link":"https:\/\/www.ankaref.com\/de\/hayvancilik\/","title":{"rendered":"Viehzucht"},"content":{"rendered":"","protected":false},"excerpt":{"rendered":"","protected":false},"author":1,"featured_media":0,"parent":0,"menu_order":0,"comment_status":"closed","ping_status":"closed","template":"","meta":{"footnotes":""},"class_list":["post-993518","page","type-page","status-publish","hentry"],"yoast_head":"<!-- This site is optimized with the Yoast SEO Premium plugin v26.1 (Yoast SEO v27.4) - https:\/\/yoast.com\/product\/yoast-seo-premium-wordpress\/ -->\n<title>IoT ile Hayvanc\u0131l\u0131k Y\u00f6netimi | ANKAREF<\/title>\n<meta name=\"description\" content=\"Ak\u0131ll\u0131 sens\u00f6rlerle s\u00fcr\u00fc y\u00f6netimini dijitalle\u015ftiriyor, \u00fcretimde kay\u0131plar\u0131 azalt\u0131yor ve sa\u011fl\u0131kl\u0131 s\u00fct i\u00e7in g\u00fcvenilir \u00e7\u00f6z\u00fcmler sunuyoruz.\" \/>\n<meta name=\"robots\" content=\"index, follow, max-snippet:-1, max-image-preview:large, max-video-preview:-1\" \/>\n<link rel=\"canonical\" href=\"https:\/\/www.ankaref.com\/de\/tierhaltung\/\" \/>\n<meta property=\"og:locale\" content=\"de_DE\" \/>\n<meta property=\"og:type\" content=\"article\" \/>\n<meta property=\"og:title\" content=\"Hayvanc\u0131l\u0131k\" \/>\n<meta property=\"og:description\" content=\"Ak\u0131ll\u0131 sens\u00f6rlerle s\u00fcr\u00fc y\u00f6netimini dijitalle\u015ftiriyor, \u00fcretimde kay\u0131plar\u0131 azalt\u0131yor ve sa\u011fl\u0131kl\u0131 s\u00fct i\u00e7in g\u00fcvenilir \u00e7\u00f6z\u00fcmler sunuyoruz.\" \/>\n<meta property=\"og:url\" content=\"https:\/\/www.ankaref.com\/de\/tierhaltung\/\" \/>\n<meta property=\"og:site_name\" content=\"Ankaref\" \/>\n<meta property=\"article:modified_time\" content=\"2025-09-17T11:03:39+00:00\" \/>\n<meta name=\"twitter:card\" content=\"summary_large_image\" \/>\n<script type=\"application\/ld+json\" class=\"yoast-schema-graph\">{\"@context\":\"https:\\\/\\\/schema.org\",\"@graph\":[{\"@type\":\"WebPage\",\"@id\":\"https:\\\/\\\/www.ankaref.com\\\/hayvancilik\\\/\",\"url\":\"https:\\\/\\\/www.ankaref.com\\\/hayvancilik\\\/\",\"name\":\"IoT ile Hayvanc\u0131l\u0131k Y\u00f6netimi | ANKAREF\",\"isPartOf\":{\"@id\":\"https:\\\/\\\/www.ankaref.com\\\/#website\"},\"datePublished\":\"2025-04-10T11:52:06+00:00\",\"dateModified\":\"2025-09-17T11:03:39+00:00\",\"description\":\"Ak\u0131ll\u0131 sens\u00f6rlerle s\u00fcr\u00fc y\u00f6netimini dijitalle\u015ftiriyor, \u00fcretimde kay\u0131plar\u0131 azalt\u0131yor ve sa\u011fl\u0131kl\u0131 s\u00fct i\u00e7in g\u00fcvenilir \u00e7\u00f6z\u00fcmler sunuyoruz.\",\"breadcrumb\":{\"@id\":\"https:\\\/\\\/www.ankaref.com\\\/hayvancilik\\\/#breadcrumb\"},\"inLanguage\":\"de\",\"potentialAction\":[{\"@type\":\"ReadAction\",\"target\":[\"https:\\\/\\\/www.ankaref.com\\\/hayvancilik\\\/\"]}]},{\"@type\":\"BreadcrumbList\",\"@id\":\"https:\\\/\\\/www.ankaref.com\\\/hayvancilik\\\/#breadcrumb\",\"itemListElement\":[{\"@type\":\"ListItem\",\"position\":1,\"name\":\"Anasayfa\",\"item\":\"https:\\\/\\\/www.ankaref.com\\\/\"},{\"@type\":\"ListItem\",\"position\":2,\"name\":\"Hayvanc\u0131l\u0131k\"}]},{\"@type\":\"WebSite\",\"@id\":\"https:\\\/\\\/www.ankaref.com\\\/#website\",\"url\":\"https:\\\/\\\/www.ankaref.com\\\/\",\"name\":\"Ankaref\",\"description\":\"IoT Knowledge Hub\",\"publisher\":{\"@id\":\"https:\\\/\\\/www.ankaref.com\\\/#organization\"},\"potentialAction\":[{\"@type\":\"SearchAction\",\"target\":{\"@type\":\"EntryPoint\",\"urlTemplate\":\"https:\\\/\\\/www.ankaref.com\\\/?s={search_term_string}\"},\"query-input\":{\"@type\":\"PropertyValueSpecification\",\"valueRequired\":true,\"valueName\":\"search_term_string\"}}],\"inLanguage\":\"de\"},{\"@type\":\"Organization\",\"@id\":\"https:\\\/\\\/www.ankaref.com\\\/#organization\",\"name\":\"ANKAREF\",\"url\":\"https:\\\/\\\/www.ankaref.com\\\/\",\"logo\":{\"@type\":\"ImageObject\",\"inLanguage\":\"de\",\"@id\":\"https:\\\/\\\/www.ankaref.com\\\/#\\\/schema\\\/logo\\\/image\\\/\",\"url\":\"https:\\\/\\\/www.ankaref.com\\\/wp-content\\\/uploads\\\/2023\\\/03\\\/ankaref-beyaz-1-e1747385803572.png\",\"contentUrl\":\"https:\\\/\\\/www.ankaref.com\\\/wp-content\\\/uploads\\\/2023\\\/03\\\/ankaref-beyaz-1-e1747385803572.png\",\"width\":150,\"height\":28,\"caption\":\"ANKAREF\"},\"image\":{\"@id\":\"https:\\\/\\\/www.ankaref.com\\\/#\\\/schema\\\/logo\\\/image\\\/\"},\"email\":\"info@ankaref.com\",\"telephone\":\"(0312) 299 21 64\",\"legalName\":\"Ankaref \u0130novasyon ve Teknoloji A.\u015e.\",\"publishingPrinciples\":\"https:\\\/\\\/www.ankaref.com\\\/hakkimizda\\\/\",\"actionableFeedbackPolicy\":\"https:\\\/\\\/www.ankaref.com\\\/aydinlatma-metni\\\/\",\"correctionsPolicy\":\"https:\\\/\\\/www.ankaref.com\\\/cerez-politikasi\\\/\",\"ethicsPolicy\":\"https:\\\/\\\/www.ankaref.com\\\/en\\\/kvkk\\\/\",\"diversityPolicy\":\"https:\\\/\\\/www.ankaref.com\\\/entegre-yonetim-sistemi-politikasi\\\/\"}]}<\/script>\n<!-- \/ Yoast SEO Premium plugin. -->","yoast_head_json":{"title":"IoT-Tierhaltungsmanagement | ANKAREF","description":"Mit IoT digitalisieren wir das Herdenmanagement per Sensorik, reduzieren Verluste in der Produktion und bieten sichere L\u00f6sungen f\u00fcr hochwertige Milch.","robots":{"index":"index","follow":"follow","max-snippet":"max-snippet:-1","max-image-preview":"max-image-preview:large","max-video-preview":"max-video-preview:-1"},"canonical":"https:\/\/www.ankaref.com\/de\/tierhaltung\/","og_locale":"de_DE","og_type":"article","og_title":"Hayvanc\u0131l\u0131k","og_description":"Ak\u0131ll\u0131 sens\u00f6rlerle s\u00fcr\u00fc y\u00f6netimini dijitalle\u015ftiriyor, \u00fcretimde kay\u0131plar\u0131 azalt\u0131yor ve sa\u011fl\u0131kl\u0131 s\u00fct i\u00e7in g\u00fcvenilir \u00e7\u00f6z\u00fcmler sunuyoruz.","og_url":"https:\/\/www.ankaref.com\/de\/tierhaltung\/","og_site_name":"Ankaref","article_modified_time":"2025-09-17T11:03:39+00:00","twitter_card":"summary_large_image","schema":{"@context":"https:\/\/schema.org","@graph":[{"@type":"WebPage","@id":"https:\/\/www.ankaref.com\/hayvancilik\/","url":"https:\/\/www.ankaref.com\/hayvancilik\/","name":"IoT-Tierhaltungsmanagement | ANKAREF","isPartOf":{"@id":"https:\/\/www.ankaref.com\/#website"},"datePublished":"2025-04-10T11:52:06+00:00","dateModified":"2025-09-17T11:03:39+00:00","description":"Mit IoT digitalisieren wir das Herdenmanagement per Sensorik, reduzieren Verluste in der Produktion und bieten sichere L\u00f6sungen f\u00fcr hochwertige Milch.","breadcrumb":{"@id":"https:\/\/www.ankaref.com\/hayvancilik\/#breadcrumb"},"inLanguage":"de","potentialAction":[{"@type":"ReadAction","target":["https:\/\/www.ankaref.com\/hayvancilik\/"]}]},{"@type":"BreadcrumbList","@id":"https:\/\/www.ankaref.com\/hayvancilik\/#breadcrumb","itemListElement":[{"@type":"ListItem","position":1,"name":"Anasayfa","item":"https:\/\/www.ankaref.com\/"},{"@type":"ListItem","position":2,"name":"Hayvanc\u0131l\u0131k"}]},{"@type":"WebSite","@id":"https:\/\/www.ankaref.com\/#website","url":"https:\/\/www.ankaref.com\/","name":"Ankaref","description":"IoT Knowledge Hub","publisher":{"@id":"https:\/\/www.ankaref.com\/#organization"},"potentialAction":[{"@type":"SearchAction","target":{"@type":"EntryPoint","urlTemplate":"https:\/\/www.ankaref.com\/?s={search_term_string}"},"query-input":{"@type":"PropertyValueSpecification","valueRequired":true,"valueName":"search_term_string"}}],"inLanguage":"de"},{"@type":"Organization","@id":"https:\/\/www.ankaref.com\/#organization","name":"ANKAREF","url":"https:\/\/www.ankaref.com\/","logo":{"@type":"ImageObject","inLanguage":"de","@id":"https:\/\/www.ankaref.com\/#\/schema\/logo\/image\/","url":"https:\/\/www.ankaref.com\/wp-content\/uploads\/2023\/03\/ankaref-beyaz-1-e1747385803572.png","contentUrl":"https:\/\/www.ankaref.com\/wp-content\/uploads\/2023\/03\/ankaref-beyaz-1-e1747385803572.png","width":150,"height":28,"caption":"ANKAREF"},"image":{"@id":"https:\/\/www.ankaref.com\/#\/schema\/logo\/image\/"},"email":"info@ankaref.com","telephone":"(0312) 299 21 64","legalName":"Ankaref \u0130novasyon ve Teknoloji A.\u015e.","publishingPrinciples":"https:\/\/www.ankaref.com\/hakkimizda\/","actionableFeedbackPolicy":"https:\/\/www.ankaref.com\/aydinlatma-metni\/","correctionsPolicy":"https:\/\/www.ankaref.com\/cerez-politikasi\/","ethicsPolicy":"https:\/\/www.ankaref.com\/en\/kvkk\/","diversityPolicy":"https:\/\/www.ankaref.com\/entegre-yonetim-sistemi-politikasi\/"}]}},"_links":{"self":[{"href":"https:\/\/www.ankaref.com\/de\/wp-json\/wp\/v2\/pages\/993518","targetHints":{"allow":["GET"]}}],"collection":[{"href":"https:\/\/www.ankaref.com\/de\/wp-json\/wp\/v2\/pages"}],"about":[{"href":"https:\/\/www.ankaref.com\/de\/wp-json\/wp\/v2\/types\/page"}],"author":[{"embeddable":true,"href":"https:\/\/www.ankaref.com\/de\/wp-json\/wp\/v2\/users\/1"}],"replies":[{"embeddable":true,"href":"https:\/\/www.ankaref.com\/de\/wp-json\/wp\/v2\/comments?post=993518"}],"version-history":[{"count":2,"href":"https:\/\/www.ankaref.com\/de\/wp-json\/wp\/v2\/pages\/993518\/revisions"}],"predecessor-version":[{"id":994487,"href":"https:\/\/www.ankaref.com\/de\/wp-json\/wp\/v2\/pages\/993518\/revisions\/994487"}],"wp:attachment":[{"href":"https:\/\/www.ankaref.com\/de\/wp-json\/wp\/v2\/media?parent=993518"}],"curies":[{"name":"wp","href":"https:\/\/api.w.org\/{rel}","templated":true}]}}