{"id":997345,"date":"2025-11-04T18:05:35","date_gmt":"2025-11-04T15:05:35","guid":{"rendered":"https:\/\/www.ankaref.com\/?page_id=997345"},"modified":"2025-11-14T11:56:28","modified_gmt":"2025-11-14T08:56:28","slug":"integriertes-managementsystem-politik","status":"publish","type":"page","link":"https:\/\/www.ankaref.com\/de\/entegre-yonetim-sistemi-politikasi\/","title":{"rendered":"Politik f\u00fcr das Integrierte Managementsystem"},"content":{"rendered":"<div data-elementor-type=\"wp-page\" data-elementor-id=\"997345\" class=\"elementor elementor-997345\" data-elementor-post-type=\"page\">\n\t\t\t\t\t\t<section class=\"elementor-section elementor-top-section elementor-element elementor-element-1f446a67 elementor-section-full_width elementor-section-height-min-height elementor-section-height-default elementor-section-items-middle\" data-id=\"1f446a67\" data-element_type=\"section\" data-e-type=\"section\" data-settings=\"{&quot;background_background&quot;:&quot;classic&quot;,&quot;ekit_has_onepagescroll_dot&quot;:&quot;yes&quot;}\">\n\t\t\t\t\t\t<div class=\"elementor-container elementor-column-gap-default\">\n\t\t\t\t\t<div class=\"elementor-column elementor-col-100 elementor-top-column elementor-element elementor-element-235c5b6e\" data-id=\"235c5b6e\" data-element_type=\"column\" data-e-type=\"column\">\n\t\t\t<div class=\"elementor-widget-wrap elementor-element-populated\">\n\t\t\t\t\t\t<div class=\"elementor-element elementor-element-3da4eec5 animated-slow elementor-invisible elementor-widget elementor-widget-heading\" data-id=\"3da4eec5\" data-element_type=\"widget\" data-e-type=\"widget\" data-settings=\"{&quot;_animation&quot;:&quot;fadeIn&quot;,&quot;_animation_tablet&quot;:&quot;none&quot;,&quot;ekit_we_effect_on&quot;:&quot;none&quot;}\" data-widget_type=\"heading.default\">\n\t\t\t\t<div class=\"elementor-widget-container\">\n\t\t\t\t\t<h1 class=\"elementor-heading-title elementor-size-default\">Politik f\u00fcr das Integrierte Managementsystem<\/h1>\t\t\t\t<\/div>\n\t\t\t\t<\/div>\n\t\t\t\t\t<\/div>\n\t\t<\/div>\n\t\t\t\t\t<\/div>\n\t\t<\/section>\n\t\t\t\t<section class=\"elementor-section elementor-top-section elementor-element elementor-element-54577351 elementor-section-content-middle elementor-section-boxed elementor-section-height-default elementor-section-height-default\" data-id=\"54577351\" data-element_type=\"section\" data-e-type=\"section\" data-settings=\"{&quot;ekit_has_onepagescroll_dot&quot;:&quot;yes&quot;}\">\n\t\t\t\t\t\t<div class=\"elementor-container elementor-column-gap-no\">\n\t\t\t\t\t<div class=\"elementor-column elementor-col-100 elementor-top-column elementor-element elementor-element-2c63ef11\" data-id=\"2c63ef11\" data-element_type=\"column\" data-e-type=\"column\">\n\t\t\t<div class=\"elementor-widget-wrap elementor-element-populated\">\n\t\t\t\t\t\t<div class=\"elementor-element elementor-element-1b668a33 elementor-widget elementor-widget-elementskit-heading\" data-id=\"1b668a33\" data-element_type=\"widget\" data-e-type=\"widget\" data-settings=\"{&quot;ekit_we_effect_on&quot;:&quot;none&quot;}\" data-widget_type=\"elementskit-heading.default\">\n\t\t\t\t<div class=\"elementor-widget-container\">\n\t\t\t\t\t<div class=\"ekit-wid-con\" ><div class=\"ekit-heading elementskit-section-title-wraper text_left   ekit_heading_tablet-   ekit_heading_mobile-\"><h1 class=\"ekit-heading--title elementskit-section-title\">Politik f\u00fcr das Integrierte Managementsystem<\/h1><\/div><\/div>\t\t\t\t<\/div>\n\t\t\t\t<\/div>\n\t\t\t\t<div class=\"elementor-element elementor-element-5b02aba8 elementor-widget elementor-widget-elementskit-heading\" data-id=\"5b02aba8\" data-element_type=\"widget\" data-e-type=\"widget\" data-settings=\"{&quot;ekit_we_effect_on&quot;:&quot;none&quot;}\" data-widget_type=\"elementskit-heading.default\">\n\t\t\t\t<div class=\"elementor-widget-container\">\n\t\t\t\t\t<div class=\"ekit-wid-con\" ><div class=\"ekit-heading elementskit-section-title-wraper text_left   ekit_heading_tablet-   ekit_heading_mobile-\"><h2 class=\"ekit-heading--title elementskit-section-title\">UNSERE VISION<\/h2>\t\t\t\t<div class='ekit-heading__description'>\n\t\t\t\t\t<p>Auf Grundlage der Erfahrungen, die wir durch unsere bisherigen Arbeiten gesammelt haben, und dank unseres Prozesswissens, das Technologie vom Zweck zum Werkzeug wandelt, verfolgen wir das Ziel, zu einem der f\u00fchrenden IoT-Betreiber der Welt zu werden.<\/p>\n\t\t\t\t<\/div>\n\t\t\t<\/div><\/div>\t\t\t\t<\/div>\n\t\t\t\t<\/div>\n\t\t\t\t<div class=\"elementor-element elementor-element-70143fdc elementor-widget elementor-widget-elementskit-heading\" data-id=\"70143fdc\" data-element_type=\"widget\" data-e-type=\"widget\" data-settings=\"{&quot;ekit_we_effect_on&quot;:&quot;none&quot;}\" data-widget_type=\"elementskit-heading.default\">\n\t\t\t\t<div class=\"elementor-widget-container\">\n\t\t\t\t\t<div class=\"ekit-wid-con\" ><div class=\"ekit-heading elementskit-section-title-wraper text_left   ekit_heading_tablet-   ekit_heading_mobile-\"><h2 class=\"ekit-heading--title elementskit-section-title\">UNSERE MISSION<\/h2>\t\t\t\t<div class='ekit-heading__description'>\n\t\t\t\t\t<p>Wir sind uns bewusst, dass wir \u2013 zuallererst \u2013 selbst Kunden sind. Daher handeln wir mit dem Anspruch, die Kundenzufriedenheit auf h\u00f6chstem Niveau zu halten, die Prozesse unserer Kunden mindestens ebenso gut zu verstehen wie sie selbst und ihnen innovative IoT-L\u00f6sungen anzubieten, die Kosten senken, die Qualit\u00e4t steigern oder den Markenwert erh\u00f6hen \u2013 und dies auf eine Weise, die ihre Abl\u00e4ufe so wenig wie m\u00f6glich beeintr\u00e4chtigt.\u00a0<\/p>\n\t\t\t\t<\/div>\n\t\t\t<\/div><\/div>\t\t\t\t<\/div>\n\t\t\t\t<\/div>\n\t\t\t\t<div class=\"elementor-element elementor-element-2dd0f288 elementor-widget elementor-widget-elementskit-heading\" data-id=\"2dd0f288\" data-element_type=\"widget\" data-e-type=\"widget\" data-settings=\"{&quot;ekit_we_effect_on&quot;:&quot;none&quot;}\" data-widget_type=\"elementskit-heading.default\">\n\t\t\t\t<div class=\"elementor-widget-container\">\n\t\t\t\t\t<div class=\"ekit-wid-con\" ><div class=\"ekit-heading elementskit-section-title-wraper text_left   ekit_heading_tablet-   ekit_heading_mobile-\"><h2 class=\"ekit-heading--title elementskit-section-title\">UNSERE WERTE UND GRUNDS\u00c4TZE<\/h2>\t\t\t\t<div class='ekit-heading__description'>\n\t\t\t\t\t<p>Ankaref hat folgende Arbeitswerte und Grunds\u00e4tze verinnerlicht:<\/p>\n<p>Kundenorientiertes Arbeiten, die Zeit effizient und wirkungsvoll zu nutzen und dadurch die Kundenzufriedenheit sicherzustellen,<\/p>\n<p>Informationswerte zu verwalten, die Sicherheitswerte, Anforderungen und Risiken der Informationsressourcen zu bestimmen, Kontrollen gegen Sicherheitsrisiken zu entwickeln und umzusetzen sowie den Rahmen f\u00fcr Methoden festzulegen, mit denen die H\u00e4ufigkeit relevanter Bedrohungen ermittelt wird,<\/p>\n<p>Risiken kontinuierlich zu messen und aktuelle Ma\u00dfnahmen zu ergreifen,<\/p>\n<p>Im Teamgeist zu arbeiten und dabei gesellschaftlich verantwortungsvoll, ethischen und nationalen Werten gegen\u00fcber respektvoll zu handeln sowie die eigene Leistung f\u00fcr Exzellenz kontinuierlich zu steigern und weiterzuentwickeln,<\/p>\n<p>Mitarbeiterinnen und Mitarbeitern Schulungen zu erm\u00f6glichen, die deren pers\u00f6nliche Entwicklung und Selbstvertrauen st\u00e4rken,<\/p>\n<p>Jederzeit offen und bereit f\u00fcr Ver\u00e4nderung und kontinuierliche Verbesserung zu sein,<\/p>\n<p>Den Anforderungen nationaler und internationaler Regelungen \u2013 einschlie\u00dflich solcher zu Themen wie Klimawandel \u2013 sowie gesetzlichen und einschl\u00e4gigen regulatorischen Vorgaben nachzukommen, vertragliche Verpflichtungen zu erf\u00fcllen und die sich aus der institutionellen Verantwortung gegen\u00fcber internen und externen Stakeholdern ergebenden Anforderungen an Qualit\u00e4t und Informationssicherheit sicherzustellen.<\/p>\n\t\t\t\t<\/div>\n\t\t\t<\/div><\/div>\t\t\t\t<\/div>\n\t\t\t\t<\/div>\n\t\t\t\t\t<\/div>\n\t\t<\/div>\n\t\t\t\t\t<\/div>\n\t\t<\/section>\n\t\t\t\t<\/div>","protected":false},"excerpt":{"rendered":"<p>Entegre Y\u00f6netim Sistemi Politikas\u0131 Entegre Y\u00f6netim Sistemi Politikas\u0131 V\u0130ZYONUMUZ Bug\u00fcne kadar ger\u00e7ekle\u015ftirdi\u011fimiz \u00e7al\u0131\u015fmalar sonucunda edindi\u011fimiz, teknolojiyi ama\u00e7 olmaktan ara\u00e7 olmaya d\u00f6n\u00fc\u015ft\u00fcren s\u00fcre\u00e7 bilgimiz sayesinde d\u00fcnyan\u0131n \u00f6nde gelen IoT operat\u00f6rlerinden biri olabilmeyi hedeflemekteyiz. M\u0130SYONUMUZ \u00d6ncelikle m\u00fc\u015fteri oldu\u011fumuzu unutmadan, m\u00fc\u015fteri memnuniyetini en \u00fcst seviyede tutarak, m\u00fc\u015fterimizin s\u00fcre\u00e7lerini en az onlar kadar \u00f6\u011frenmek ve m\u00fc\u015fterilerimize maliyet avantaj\u0131, kalite&#8230;<\/p>","protected":false},"author":1,"featured_media":0,"parent":0,"menu_order":0,"comment_status":"closed","ping_status":"closed","template":"","meta":{"footnotes":""},"class_list":["post-997345","page","type-page","status-publish","hentry"],"yoast_head":"<!-- This site is optimized with the Yoast SEO Premium plugin v26.1 (Yoast SEO v27.4) - https:\/\/yoast.com\/product\/yoast-seo-premium-wordpress\/ -->\n<title>Entegre Y\u00f6netim Sistemi Politikas\u0131 | ANKAREF<\/title>\n<meta name=\"description\" content=\"Entegre Y\u00f6netim Sistemimiz; kalite, \u00e7evre ve bilgi g\u00fcvenli\u011fi s\u00fcre\u00e7lerinin kurumsal standartlara uyumunu g\u00fc\u00e7lendirir.\" \/>\n<meta name=\"robots\" content=\"index, follow, max-snippet:-1, max-image-preview:large, max-video-preview:-1\" \/>\n<link rel=\"canonical\" href=\"https:\/\/www.ankaref.com\/de\/integriertes-managementsystem-politik\/\" \/>\n<meta property=\"og:locale\" content=\"de_DE\" \/>\n<meta property=\"og:type\" content=\"article\" \/>\n<meta property=\"og:title\" content=\"Entegre Y\u00f6netim Sistemi Politikas\u0131\" \/>\n<meta property=\"og:description\" content=\"Entegre Y\u00f6netim Sistemimiz; kalite, \u00e7evre ve bilgi g\u00fcvenli\u011fi s\u00fcre\u00e7lerinin kurumsal standartlara uyumunu g\u00fc\u00e7lendirir.\" \/>\n<meta property=\"og:url\" content=\"https:\/\/www.ankaref.com\/de\/integriertes-managementsystem-politik\/\" \/>\n<meta property=\"og:site_name\" content=\"Ankaref\" \/>\n<meta property=\"article:modified_time\" content=\"2025-11-14T08:56:28+00:00\" \/>\n<meta name=\"twitter:card\" content=\"summary_large_image\" \/>\n<meta name=\"twitter:label1\" content=\"Gesch\u00e4tzte Lesezeit\" \/>\n\t<meta name=\"twitter:data1\" content=\"2\u00a0Minuten\" \/>\n<script type=\"application\/ld+json\" class=\"yoast-schema-graph\">{\"@context\":\"https:\\\/\\\/schema.org\",\"@graph\":[{\"@type\":\"WebPage\",\"@id\":\"https:\\\/\\\/www.ankaref.com\\\/entegre-yonetim-sistemi-politikasi\\\/\",\"url\":\"https:\\\/\\\/www.ankaref.com\\\/entegre-yonetim-sistemi-politikasi\\\/\",\"name\":\"Entegre Y\u00f6netim Sistemi Politikas\u0131 | ANKAREF\",\"isPartOf\":{\"@id\":\"https:\\\/\\\/www.ankaref.com\\\/#website\"},\"datePublished\":\"2025-11-04T15:05:35+00:00\",\"dateModified\":\"2025-11-14T08:56:28+00:00\",\"description\":\"Entegre Y\u00f6netim Sistemimiz; kalite, \u00e7evre ve bilgi g\u00fcvenli\u011fi s\u00fcre\u00e7lerinin kurumsal standartlara uyumunu g\u00fc\u00e7lendirir.\",\"breadcrumb\":{\"@id\":\"https:\\\/\\\/www.ankaref.com\\\/entegre-yonetim-sistemi-politikasi\\\/#breadcrumb\"},\"inLanguage\":\"de\",\"potentialAction\":[{\"@type\":\"ReadAction\",\"target\":[\"https:\\\/\\\/www.ankaref.com\\\/entegre-yonetim-sistemi-politikasi\\\/\"]}]},{\"@type\":\"BreadcrumbList\",\"@id\":\"https:\\\/\\\/www.ankaref.com\\\/entegre-yonetim-sistemi-politikasi\\\/#breadcrumb\",\"itemListElement\":[{\"@type\":\"ListItem\",\"position\":1,\"name\":\"Anasayfa\",\"item\":\"https:\\\/\\\/www.ankaref.com\\\/\"},{\"@type\":\"ListItem\",\"position\":2,\"name\":\"Entegre Y\u00f6netim Sistemi Politikas\u0131\"}]},{\"@type\":\"WebSite\",\"@id\":\"https:\\\/\\\/www.ankaref.com\\\/#website\",\"url\":\"https:\\\/\\\/www.ankaref.com\\\/\",\"name\":\"Ankaref\",\"description\":\"IoT Knowledge Hub\",\"publisher\":{\"@id\":\"https:\\\/\\\/www.ankaref.com\\\/#organization\"},\"potentialAction\":[{\"@type\":\"SearchAction\",\"target\":{\"@type\":\"EntryPoint\",\"urlTemplate\":\"https:\\\/\\\/www.ankaref.com\\\/?s={search_term_string}\"},\"query-input\":{\"@type\":\"PropertyValueSpecification\",\"valueRequired\":true,\"valueName\":\"search_term_string\"}}],\"inLanguage\":\"de\"},{\"@type\":\"Organization\",\"@id\":\"https:\\\/\\\/www.ankaref.com\\\/#organization\",\"name\":\"ANKAREF\",\"url\":\"https:\\\/\\\/www.ankaref.com\\\/\",\"logo\":{\"@type\":\"ImageObject\",\"inLanguage\":\"de\",\"@id\":\"https:\\\/\\\/www.ankaref.com\\\/#\\\/schema\\\/logo\\\/image\\\/\",\"url\":\"https:\\\/\\\/www.ankaref.com\\\/wp-content\\\/uploads\\\/2023\\\/03\\\/ankaref-beyaz-1-e1747385803572.png\",\"contentUrl\":\"https:\\\/\\\/www.ankaref.com\\\/wp-content\\\/uploads\\\/2023\\\/03\\\/ankaref-beyaz-1-e1747385803572.png\",\"width\":150,\"height\":28,\"caption\":\"ANKAREF\"},\"image\":{\"@id\":\"https:\\\/\\\/www.ankaref.com\\\/#\\\/schema\\\/logo\\\/image\\\/\"},\"email\":\"info@ankaref.com\",\"telephone\":\"(0312) 299 21 64\",\"legalName\":\"Ankaref \u0130novasyon ve Teknoloji A.\u015e.\",\"publishingPrinciples\":\"https:\\\/\\\/www.ankaref.com\\\/hakkimizda\\\/\",\"actionableFeedbackPolicy\":\"https:\\\/\\\/www.ankaref.com\\\/aydinlatma-metni\\\/\",\"correctionsPolicy\":\"https:\\\/\\\/www.ankaref.com\\\/cerez-politikasi\\\/\",\"ethicsPolicy\":\"https:\\\/\\\/www.ankaref.com\\\/en\\\/kvkk\\\/\",\"diversityPolicy\":\"https:\\\/\\\/www.ankaref.com\\\/entegre-yonetim-sistemi-politikasi\\\/\"}]}<\/script>\n<!-- \/ Yoast SEO Premium plugin. -->","yoast_head_json":{"title":"Entegre Y\u00f6netim Sistemi Politikas\u0131 | ANKAREF","description":"Entegre Y\u00f6netim Sistemimiz; kalite, \u00e7evre ve bilgi g\u00fcvenli\u011fi s\u00fcre\u00e7lerinin kurumsal standartlara uyumunu g\u00fc\u00e7lendirir.","robots":{"index":"index","follow":"follow","max-snippet":"max-snippet:-1","max-image-preview":"max-image-preview:large","max-video-preview":"max-video-preview:-1"},"canonical":"https:\/\/www.ankaref.com\/de\/integriertes-managementsystem-politik\/","og_locale":"de_DE","og_type":"article","og_title":"Entegre Y\u00f6netim Sistemi Politikas\u0131","og_description":"Entegre Y\u00f6netim Sistemimiz; kalite, \u00e7evre ve bilgi g\u00fcvenli\u011fi s\u00fcre\u00e7lerinin kurumsal standartlara uyumunu g\u00fc\u00e7lendirir.","og_url":"https:\/\/www.ankaref.com\/de\/integriertes-managementsystem-politik\/","og_site_name":"Ankaref","article_modified_time":"2025-11-14T08:56:28+00:00","twitter_card":"summary_large_image","twitter_misc":{"Gesch\u00e4tzte Lesezeit":"2\u00a0Minuten"},"schema":{"@context":"https:\/\/schema.org","@graph":[{"@type":"WebPage","@id":"https:\/\/www.ankaref.com\/entegre-yonetim-sistemi-politikasi\/","url":"https:\/\/www.ankaref.com\/entegre-yonetim-sistemi-politikasi\/","name":"Entegre Y\u00f6netim Sistemi Politikas\u0131 | ANKAREF","isPartOf":{"@id":"https:\/\/www.ankaref.com\/#website"},"datePublished":"2025-11-04T15:05:35+00:00","dateModified":"2025-11-14T08:56:28+00:00","description":"Entegre Y\u00f6netim Sistemimiz; kalite, \u00e7evre ve bilgi g\u00fcvenli\u011fi s\u00fcre\u00e7lerinin kurumsal standartlara uyumunu g\u00fc\u00e7lendirir.","breadcrumb":{"@id":"https:\/\/www.ankaref.com\/entegre-yonetim-sistemi-politikasi\/#breadcrumb"},"inLanguage":"de","potentialAction":[{"@type":"ReadAction","target":["https:\/\/www.ankaref.com\/entegre-yonetim-sistemi-politikasi\/"]}]},{"@type":"BreadcrumbList","@id":"https:\/\/www.ankaref.com\/entegre-yonetim-sistemi-politikasi\/#breadcrumb","itemListElement":[{"@type":"ListItem","position":1,"name":"Anasayfa","item":"https:\/\/www.ankaref.com\/"},{"@type":"ListItem","position":2,"name":"Entegre Y\u00f6netim Sistemi Politikas\u0131"}]},{"@type":"WebSite","@id":"https:\/\/www.ankaref.com\/#website","url":"https:\/\/www.ankaref.com\/","name":"Ankaref","description":"IoT Knowledge Hub","publisher":{"@id":"https:\/\/www.ankaref.com\/#organization"},"potentialAction":[{"@type":"SearchAction","target":{"@type":"EntryPoint","urlTemplate":"https:\/\/www.ankaref.com\/?s={search_term_string}"},"query-input":{"@type":"PropertyValueSpecification","valueRequired":true,"valueName":"search_term_string"}}],"inLanguage":"de"},{"@type":"Organization","@id":"https:\/\/www.ankaref.com\/#organization","name":"ANKAREF","url":"https:\/\/www.ankaref.com\/","logo":{"@type":"ImageObject","inLanguage":"de","@id":"https:\/\/www.ankaref.com\/#\/schema\/logo\/image\/","url":"https:\/\/www.ankaref.com\/wp-content\/uploads\/2023\/03\/ankaref-beyaz-1-e1747385803572.png","contentUrl":"https:\/\/www.ankaref.com\/wp-content\/uploads\/2023\/03\/ankaref-beyaz-1-e1747385803572.png","width":150,"height":28,"caption":"ANKAREF"},"image":{"@id":"https:\/\/www.ankaref.com\/#\/schema\/logo\/image\/"},"email":"info@ankaref.com","telephone":"(0312) 299 21 64","legalName":"Ankaref \u0130novasyon ve Teknoloji A.\u015e.","publishingPrinciples":"https:\/\/www.ankaref.com\/hakkimizda\/","actionableFeedbackPolicy":"https:\/\/www.ankaref.com\/aydinlatma-metni\/","correctionsPolicy":"https:\/\/www.ankaref.com\/cerez-politikasi\/","ethicsPolicy":"https:\/\/www.ankaref.com\/en\/kvkk\/","diversityPolicy":"https:\/\/www.ankaref.com\/entegre-yonetim-sistemi-politikasi\/"}]}},"_links":{"self":[{"href":"https:\/\/www.ankaref.com\/de\/wp-json\/wp\/v2\/pages\/997345","targetHints":{"allow":["GET"]}}],"collection":[{"href":"https:\/\/www.ankaref.com\/de\/wp-json\/wp\/v2\/pages"}],"about":[{"href":"https:\/\/www.ankaref.com\/de\/wp-json\/wp\/v2\/types\/page"}],"author":[{"embeddable":true,"href":"https:\/\/www.ankaref.com\/de\/wp-json\/wp\/v2\/users\/1"}],"replies":[{"embeddable":true,"href":"https:\/\/www.ankaref.com\/de\/wp-json\/wp\/v2\/comments?post=997345"}],"version-history":[{"count":11,"href":"https:\/\/www.ankaref.com\/de\/wp-json\/wp\/v2\/pages\/997345\/revisions"}],"predecessor-version":[{"id":997449,"href":"https:\/\/www.ankaref.com\/de\/wp-json\/wp\/v2\/pages\/997345\/revisions\/997449"}],"wp:attachment":[{"href":"https:\/\/www.ankaref.com\/de\/wp-json\/wp\/v2\/media?parent=997345"}],"curies":[{"name":"wp","href":"https:\/\/api.w.org\/{rel}","templated":true}]}}