{"id":988215,"date":"2025-02-13T09:22:42","date_gmt":"2025-02-13T06:22:42","guid":{"rendered":"https:\/\/www.ankaref.com\/?page_id=988215"},"modified":"2026-01-05T09:50:09","modified_gmt":"2026-01-05T06:50:09","slug":"ceo-message","status":"publish","type":"page","link":"https:\/\/www.ankaref.com\/en\/ceonun-mesaji\/","title":{"rendered":"CEO&#8217;nun Mesaj\u0131"},"content":{"rendered":"<div data-elementor-type=\"wp-page\" data-elementor-id=\"988215\" class=\"elementor elementor-988215\" data-elementor-post-type=\"page\">\n\t\t\t\t<div class=\"elementor-element elementor-element-1ee4a051 e-con-full e-flex e-con e-parent\" data-id=\"1ee4a051\" data-element_type=\"container\" data-e-type=\"container\" data-settings=\"{&quot;background_background&quot;:&quot;classic&quot;,&quot;ekit_has_onepagescroll_dot&quot;:&quot;yes&quot;}\">\n\t\t<div class=\"elementor-element elementor-element-15f9da5f e-con-full e-flex e-con e-child\" data-id=\"15f9da5f\" data-element_type=\"container\" data-e-type=\"container\" data-settings=\"{&quot;background_background&quot;:&quot;classic&quot;,&quot;ekit_has_onepagescroll_dot&quot;:&quot;yes&quot;}\">\n\t\t\t\t<div class=\"elementor-element elementor-element-420354fa animated-slow elementor-invisible elementor-widget elementor-widget-heading\" data-id=\"420354fa\" data-element_type=\"widget\" data-e-type=\"widget\" data-settings=\"{&quot;_animation&quot;:&quot;fadeIn&quot;,&quot;_animation_tablet&quot;:&quot;none&quot;,&quot;ekit_we_effect_on&quot;:&quot;none&quot;}\" data-widget_type=\"heading.default\">\n\t\t\t\t<div class=\"elementor-widget-container\">\n\t\t\t\t\t<h1 class=\"elementor-heading-title elementor-size-default\">Message from the CEO<\/h1>\t\t\t\t<\/div>\n\t\t\t\t<\/div>\n\t\t\t\t<\/div>\n\t\t\t\t<\/div>\n\t\t<div class=\"elementor-element elementor-element-50c88649 e-flex e-con-boxed e-con e-parent\" data-id=\"50c88649\" data-element_type=\"container\" data-e-type=\"container\" data-settings=\"{&quot;ekit_has_onepagescroll_dot&quot;:&quot;yes&quot;}\">\n\t\t\t\t\t<div class=\"e-con-inner\">\n\t\t<div class=\"elementor-element elementor-element-171fbf13 e-con-full e-flex e-con e-child\" data-id=\"171fbf13\" data-element_type=\"container\" data-e-type=\"container\" data-settings=\"{&quot;ekit_has_onepagescroll_dot&quot;:&quot;yes&quot;}\">\n\t\t\t\t<div class=\"elementor-element elementor-element-09ce3b8 elementor-widget__width-initial elementor-widget elementor-widget-elementskit-heading\" data-id=\"09ce3b8\" data-element_type=\"widget\" data-e-type=\"widget\" data-settings=\"{&quot;ekit_we_effect_on&quot;:&quot;none&quot;}\" data-widget_type=\"elementskit-heading.default\">\n\t\t\t\t<div class=\"elementor-widget-container\">\n\t\t\t\t\t<div class=\"ekit-wid-con\" ><div class=\"ekit-heading elementskit-section-title-wraper text_left   ekit_heading_tablet-   ekit_heading_mobile-\"><h2 class=\"ekit-heading--title elementskit-section-title\">Erhan Binici<\/h2><h3 class=\"ekit-heading--subtitle elementskit-section-subtitle\">\n\t\t\t\t\t\tCEO - General Manager\n\t\t\t\t\t<\/h3>\t\t\t\t<div class='ekit-heading__description'>\n\t\t\t\t\t<p>We are progressing confidently toward our goal on the path we embarked upon in 2007. Our aim is to make ANKAREF a brand that both the world and T\u00fcrkiye can be proud of.<\/p>\n<p>The IoT (Internet of Things) world is growing rapidly every day. While there were approximately 15 billion IoT endpoints worldwide in 2015, this number has reached approximately 30 billion today. It is estimated that there will be approximately 75 billion IoT endpoints in 2026. The IoT market, which was approximately 100 billion USD in 2015, is 250 billion USD today. The IoT market is expected to be 1.5 trillion USD in 2026. This data represents only the IoT market. When we add communication, cloud, business intelligence, artificial intelligence, and other services that emerge through IoT, a massive market emerges.<\/p>\n<p>ANKAREF is establishing itself as a key player in this market. Over 19 years, we've become leaders in the IoT sector, both in T\u00fcrkiye and globally. By placing innovation and R&amp;D at our core, we've pioneered industry firsts and continue to advance what's possible. We're proud to represent the excellence of Turkish engineering.<\/p>\n\t\t\t\t<\/div>\n\t\t\t<\/div><\/div>\t\t\t\t<\/div>\n\t\t\t\t<\/div>\n\t\t\t\t<\/div>\n\t\t<div class=\"elementor-element elementor-element-4467bee0 e-con-full e-flex e-con e-child\" data-id=\"4467bee0\" data-element_type=\"container\" data-e-type=\"container\" data-settings=\"{&quot;background_background&quot;:&quot;classic&quot;,&quot;ekit_has_onepagescroll_dot&quot;:&quot;yes&quot;}\">\n\t\t\t\t<\/div>\n\t\t\t\t\t<\/div>\n\t\t\t\t<\/div>\n\t\t\t\t<\/div>","protected":false},"excerpt":{"rendered":"<p>CEO&#8217;nun Mesaj\u0131 Erhan Binici CEO &#8211; Genel M\u00fcd\u00fcr 2007 y\u0131l\u0131nda \u00e7\u0131kt\u0131\u011f\u0131m\u0131z yolda hedefe emin ad\u0131mlarla ilerliyoruz. Hedefimiz ANKAREF&#8217;i, global ve T\u00fcrkiye\u2019nin gurur duyaca\u011f\u0131 bir marka yapmak. IoT (Internet of Things) \u2013 Nesnelerin \u0130nterneti d\u00fcnyas\u0131 her ge\u00e7en g\u00fcn h\u0131zla b\u00fcy\u00fcyor. D\u00fcnyada 2015 y\u0131l\u0131nda yakla\u015f\u0131k 15 milyar IoT u\u00e7 noktas\u0131 varken bug\u00fcn bu rakam yakla\u015f\u0131k 30 milyara&#8230;<\/p>","protected":false},"author":1,"featured_media":0,"parent":0,"menu_order":0,"comment_status":"closed","ping_status":"closed","template":"","meta":{"footnotes":""},"class_list":["post-988215","page","type-page","status-publish","hentry"],"yoast_head":"<!-- This site is optimized with the Yoast SEO Premium plugin v26.1 (Yoast SEO v27.4) - https:\/\/yoast.com\/product\/yoast-seo-premium-wordpress\/ -->\n<title>Kurucumuzdan Mesaj | ANKAREF<\/title>\n<meta name=\"description\" content=\"Gelece\u011fe dair hedeflerimizi ve ANKAREF\u2019in insan, \u00e7evre ve teknolojiye bak\u0131\u015f a\u00e7\u0131s\u0131n\u0131 CEO\u2019muzun s\u00f6zlerinden ke\u015ffedin.\" \/>\n<meta name=\"robots\" content=\"index, follow, max-snippet:-1, max-image-preview:large, max-video-preview:-1\" \/>\n<link rel=\"canonical\" href=\"https:\/\/www.ankaref.com\/en\/ceo-message\/\" \/>\n<meta property=\"og:locale\" content=\"en_US\" \/>\n<meta property=\"og:type\" content=\"article\" \/>\n<meta property=\"og:title\" content=\"CEO&#039;nun Mesaj\u0131\" \/>\n<meta property=\"og:description\" content=\"Gelece\u011fe dair hedeflerimizi ve ANKAREF\u2019in insan, \u00e7evre ve teknolojiye bak\u0131\u015f a\u00e7\u0131s\u0131n\u0131 CEO\u2019muzun s\u00f6zlerinden ke\u015ffedin.\" \/>\n<meta property=\"og:url\" content=\"https:\/\/www.ankaref.com\/en\/ceo-message\/\" \/>\n<meta property=\"og:site_name\" content=\"Ankaref\" \/>\n<meta property=\"article:modified_time\" content=\"2026-01-05T06:50:09+00:00\" \/>\n<meta name=\"twitter:card\" content=\"summary_large_image\" \/>\n<meta name=\"twitter:label1\" content=\"Est. reading time\" \/>\n\t<meta name=\"twitter:data1\" content=\"1 minute\" \/>\n<script type=\"application\/ld+json\" class=\"yoast-schema-graph\">{\"@context\":\"https:\\\/\\\/schema.org\",\"@graph\":[{\"@type\":\"WebPage\",\"@id\":\"https:\\\/\\\/www.ankaref.com\\\/ceonun-mesaji\\\/\",\"url\":\"https:\\\/\\\/www.ankaref.com\\\/ceonun-mesaji\\\/\",\"name\":\"Kurucumuzdan Mesaj | ANKAREF\",\"isPartOf\":{\"@id\":\"https:\\\/\\\/www.ankaref.com\\\/#website\"},\"datePublished\":\"2025-02-13T06:22:42+00:00\",\"dateModified\":\"2026-01-05T06:50:09+00:00\",\"description\":\"Gelece\u011fe dair hedeflerimizi ve ANKAREF\u2019in insan, \u00e7evre ve teknolojiye bak\u0131\u015f a\u00e7\u0131s\u0131n\u0131 CEO\u2019muzun s\u00f6zlerinden ke\u015ffedin.\",\"breadcrumb\":{\"@id\":\"https:\\\/\\\/www.ankaref.com\\\/ceonun-mesaji\\\/#breadcrumb\"},\"inLanguage\":\"en-US\",\"potentialAction\":[{\"@type\":\"ReadAction\",\"target\":[\"https:\\\/\\\/www.ankaref.com\\\/ceonun-mesaji\\\/\"]}]},{\"@type\":\"BreadcrumbList\",\"@id\":\"https:\\\/\\\/www.ankaref.com\\\/ceonun-mesaji\\\/#breadcrumb\",\"itemListElement\":[{\"@type\":\"ListItem\",\"position\":1,\"name\":\"Anasayfa\",\"item\":\"https:\\\/\\\/www.ankaref.com\\\/\"},{\"@type\":\"ListItem\",\"position\":2,\"name\":\"CEO&#8217;nun Mesaj\u0131\"}]},{\"@type\":\"WebSite\",\"@id\":\"https:\\\/\\\/www.ankaref.com\\\/#website\",\"url\":\"https:\\\/\\\/www.ankaref.com\\\/\",\"name\":\"Ankaref\",\"description\":\"IoT Knowledge Hub\",\"publisher\":{\"@id\":\"https:\\\/\\\/www.ankaref.com\\\/#organization\"},\"potentialAction\":[{\"@type\":\"SearchAction\",\"target\":{\"@type\":\"EntryPoint\",\"urlTemplate\":\"https:\\\/\\\/www.ankaref.com\\\/?s={search_term_string}\"},\"query-input\":{\"@type\":\"PropertyValueSpecification\",\"valueRequired\":true,\"valueName\":\"search_term_string\"}}],\"inLanguage\":\"en-US\"},{\"@type\":\"Organization\",\"@id\":\"https:\\\/\\\/www.ankaref.com\\\/#organization\",\"name\":\"ANKAREF\",\"url\":\"https:\\\/\\\/www.ankaref.com\\\/\",\"logo\":{\"@type\":\"ImageObject\",\"inLanguage\":\"en-US\",\"@id\":\"https:\\\/\\\/www.ankaref.com\\\/#\\\/schema\\\/logo\\\/image\\\/\",\"url\":\"https:\\\/\\\/www.ankaref.com\\\/wp-content\\\/uploads\\\/2023\\\/03\\\/ankaref-beyaz-1-e1747385803572.png\",\"contentUrl\":\"https:\\\/\\\/www.ankaref.com\\\/wp-content\\\/uploads\\\/2023\\\/03\\\/ankaref-beyaz-1-e1747385803572.png\",\"width\":150,\"height\":28,\"caption\":\"ANKAREF\"},\"image\":{\"@id\":\"https:\\\/\\\/www.ankaref.com\\\/#\\\/schema\\\/logo\\\/image\\\/\"},\"email\":\"info@ankaref.com\",\"telephone\":\"(0312) 299 21 64\",\"legalName\":\"Ankaref \u0130novasyon ve Teknoloji A.\u015e.\",\"publishingPrinciples\":\"https:\\\/\\\/www.ankaref.com\\\/hakkimizda\\\/\",\"actionableFeedbackPolicy\":\"https:\\\/\\\/www.ankaref.com\\\/aydinlatma-metni\\\/\",\"correctionsPolicy\":\"https:\\\/\\\/www.ankaref.com\\\/cerez-politikasi\\\/\",\"ethicsPolicy\":\"https:\\\/\\\/www.ankaref.com\\\/en\\\/kvkk\\\/\",\"diversityPolicy\":\"https:\\\/\\\/www.ankaref.com\\\/entegre-yonetim-sistemi-politikasi\\\/\"}]}<\/script>\n<!-- \/ Yoast SEO Premium plugin. -->","yoast_head_json":{"title":"Message from Our Founder | ANKAREF","description":"Discover our goals for the future and ANKAREF's perspective on people, environment, and technology through the words of our CEO.","robots":{"index":"index","follow":"follow","max-snippet":"max-snippet:-1","max-image-preview":"max-image-preview:large","max-video-preview":"max-video-preview:-1"},"canonical":"https:\/\/www.ankaref.com\/en\/ceo-message\/","og_locale":"en_US","og_type":"article","og_title":"CEO'nun Mesaj\u0131","og_description":"Gelece\u011fe dair hedeflerimizi ve ANKAREF\u2019in insan, \u00e7evre ve teknolojiye bak\u0131\u015f a\u00e7\u0131s\u0131n\u0131 CEO\u2019muzun s\u00f6zlerinden ke\u015ffedin.","og_url":"https:\/\/www.ankaref.com\/en\/ceo-message\/","og_site_name":"Ankaref","article_modified_time":"2026-01-05T06:50:09+00:00","twitter_card":"summary_large_image","twitter_misc":{"Est. reading time":"1 minute"},"schema":{"@context":"https:\/\/schema.org","@graph":[{"@type":"WebPage","@id":"https:\/\/www.ankaref.com\/ceonun-mesaji\/","url":"https:\/\/www.ankaref.com\/ceonun-mesaji\/","name":"Message from Our Founder | ANKAREF","isPartOf":{"@id":"https:\/\/www.ankaref.com\/#website"},"datePublished":"2025-02-13T06:22:42+00:00","dateModified":"2026-01-05T06:50:09+00:00","description":"Discover our goals for the future and ANKAREF's perspective on people, environment, and technology through the words of our CEO.","breadcrumb":{"@id":"https:\/\/www.ankaref.com\/ceonun-mesaji\/#breadcrumb"},"inLanguage":"en-US","potentialAction":[{"@type":"ReadAction","target":["https:\/\/www.ankaref.com\/ceonun-mesaji\/"]}]},{"@type":"BreadcrumbList","@id":"https:\/\/www.ankaref.com\/ceonun-mesaji\/#breadcrumb","itemListElement":[{"@type":"ListItem","position":1,"name":"Anasayfa","item":"https:\/\/www.ankaref.com\/"},{"@type":"ListItem","position":2,"name":"CEO&#8217;nun Mesaj\u0131"}]},{"@type":"WebSite","@id":"https:\/\/www.ankaref.com\/#website","url":"https:\/\/www.ankaref.com\/","name":"Ankaref","description":"IoT Knowledge Hub","publisher":{"@id":"https:\/\/www.ankaref.com\/#organization"},"potentialAction":[{"@type":"SearchAction","target":{"@type":"EntryPoint","urlTemplate":"https:\/\/www.ankaref.com\/?s={search_term_string}"},"query-input":{"@type":"PropertyValueSpecification","valueRequired":true,"valueName":"search_term_string"}}],"inLanguage":"en-US"},{"@type":"Organization","@id":"https:\/\/www.ankaref.com\/#organization","name":"ANKAREF","url":"https:\/\/www.ankaref.com\/","logo":{"@type":"ImageObject","inLanguage":"en-US","@id":"https:\/\/www.ankaref.com\/#\/schema\/logo\/image\/","url":"https:\/\/www.ankaref.com\/wp-content\/uploads\/2023\/03\/ankaref-beyaz-1-e1747385803572.png","contentUrl":"https:\/\/www.ankaref.com\/wp-content\/uploads\/2023\/03\/ankaref-beyaz-1-e1747385803572.png","width":150,"height":28,"caption":"ANKAREF"},"image":{"@id":"https:\/\/www.ankaref.com\/#\/schema\/logo\/image\/"},"email":"info@ankaref.com","telephone":"(0312) 299 21 64","legalName":"Ankaref \u0130novasyon ve Teknoloji A.\u015e.","publishingPrinciples":"https:\/\/www.ankaref.com\/hakkimizda\/","actionableFeedbackPolicy":"https:\/\/www.ankaref.com\/aydinlatma-metni\/","correctionsPolicy":"https:\/\/www.ankaref.com\/cerez-politikasi\/","ethicsPolicy":"https:\/\/www.ankaref.com\/en\/kvkk\/","diversityPolicy":"https:\/\/www.ankaref.com\/entegre-yonetim-sistemi-politikasi\/"}]}},"_links":{"self":[{"href":"https:\/\/www.ankaref.com\/en\/wp-json\/wp\/v2\/pages\/988215","targetHints":{"allow":["GET"]}}],"collection":[{"href":"https:\/\/www.ankaref.com\/en\/wp-json\/wp\/v2\/pages"}],"about":[{"href":"https:\/\/www.ankaref.com\/en\/wp-json\/wp\/v2\/types\/page"}],"author":[{"embeddable":true,"href":"https:\/\/www.ankaref.com\/en\/wp-json\/wp\/v2\/users\/1"}],"replies":[{"embeddable":true,"href":"https:\/\/www.ankaref.com\/en\/wp-json\/wp\/v2\/comments?post=988215"}],"version-history":[{"count":33,"href":"https:\/\/www.ankaref.com\/en\/wp-json\/wp\/v2\/pages\/988215\/revisions"}],"predecessor-version":[{"id":998019,"href":"https:\/\/www.ankaref.com\/en\/wp-json\/wp\/v2\/pages\/988215\/revisions\/998019"}],"wp:attachment":[{"href":"https:\/\/www.ankaref.com\/en\/wp-json\/wp\/v2\/media?parent=988215"}],"curies":[{"name":"wp","href":"https:\/\/api.w.org\/{rel}","templated":true}]}}