{"id":990922,"date":"2025-02-27T10:19:06","date_gmt":"2025-02-27T07:19:06","guid":{"rendered":"https:\/\/www.ankaref.com\/?page_id=990922"},"modified":"2025-10-14T14:18:25","modified_gmt":"2025-10-14T11:18:25","slug":"cookie-policy","status":"publish","type":"page","link":"https:\/\/www.ankaref.com\/en\/cookie-policy\/","title":{"rendered":"Cookie Policy"},"content":{"rendered":"","protected":false},"excerpt":{"rendered":"","protected":false},"author":1,"featured_media":0,"parent":0,"menu_order":0,"comment_status":"closed","ping_status":"closed","template":"","meta":{"footnotes":""},"class_list":["post-990922","page","type-page","status-publish","hentry"],"yoast_head":"<!-- This site is optimized with the Yoast SEO Premium plugin v26.1 (Yoast SEO v27.3) - https:\/\/yoast.com\/product\/yoast-seo-premium-wordpress\/ -->\n<title>\u00c7erez Politikas\u0131 | ANKAREF<\/title>\n<meta name=\"description\" content=\"\u00c7erezlerin kullan\u0131m\u0131na ve ki\u015fisel verilerinizin i\u015flenmesine dair detaylar\u0131 \u00c7erez Politikam\u0131zda bulabilirsiniz.\" \/>\n<meta name=\"robots\" content=\"index, follow, max-snippet:-1, max-image-preview:large, max-video-preview:-1\" \/>\n<link rel=\"canonical\" href=\"https:\/\/www.ankaref.com\/en\/cookie-policy\/\" \/>\n<meta property=\"og:locale\" content=\"en_US\" \/>\n<meta property=\"og:type\" content=\"article\" \/>\n<meta property=\"og:title\" content=\"\u00c7erez Politikas\u0131\" \/>\n<meta property=\"og:description\" content=\"\u00c7erezlerin kullan\u0131m\u0131na ve ki\u015fisel verilerinizin i\u015flenmesine dair detaylar\u0131 \u00c7erez Politikam\u0131zda bulabilirsiniz.\" \/>\n<meta property=\"og:url\" content=\"https:\/\/www.ankaref.com\/en\/cookie-policy\/\" \/>\n<meta property=\"og:site_name\" content=\"Ankaref\" \/>\n<meta property=\"article:modified_time\" content=\"2025-10-14T11:18:25+00:00\" \/>\n<meta name=\"twitter:card\" content=\"summary_large_image\" \/>\n<script type=\"application\/ld+json\" class=\"yoast-schema-graph\">{\"@context\":\"https:\\\/\\\/schema.org\",\"@graph\":[{\"@type\":\"WebPage\",\"@id\":\"https:\\\/\\\/www.ankaref.com\\\/cerez-politikasi\\\/\",\"url\":\"https:\\\/\\\/www.ankaref.com\\\/cerez-politikasi\\\/\",\"name\":\"\u00c7erez Politikas\u0131 | ANKAREF\",\"isPartOf\":{\"@id\":\"https:\\\/\\\/www.ankaref.com\\\/#website\"},\"datePublished\":\"2025-02-27T07:19:06+00:00\",\"dateModified\":\"2025-10-14T11:18:25+00:00\",\"description\":\"\u00c7erezlerin kullan\u0131m\u0131na ve ki\u015fisel verilerinizin i\u015flenmesine dair detaylar\u0131 \u00c7erez Politikam\u0131zda bulabilirsiniz.\",\"breadcrumb\":{\"@id\":\"https:\\\/\\\/www.ankaref.com\\\/cerez-politikasi\\\/#breadcrumb\"},\"inLanguage\":\"en-US\",\"potentialAction\":[{\"@type\":\"ReadAction\",\"target\":[\"https:\\\/\\\/www.ankaref.com\\\/cerez-politikasi\\\/\"]}]},{\"@type\":\"BreadcrumbList\",\"@id\":\"https:\\\/\\\/www.ankaref.com\\\/cerez-politikasi\\\/#breadcrumb\",\"itemListElement\":[{\"@type\":\"ListItem\",\"position\":1,\"name\":\"Anasayfa\",\"item\":\"https:\\\/\\\/www.ankaref.com\\\/\"},{\"@type\":\"ListItem\",\"position\":2,\"name\":\"\u00c7erez Politikas\u0131\"}]},{\"@type\":\"WebSite\",\"@id\":\"https:\\\/\\\/www.ankaref.com\\\/#website\",\"url\":\"https:\\\/\\\/www.ankaref.com\\\/\",\"name\":\"Ankaref\",\"description\":\"IoT Knowledge Hub\",\"publisher\":{\"@id\":\"https:\\\/\\\/www.ankaref.com\\\/#organization\"},\"potentialAction\":[{\"@type\":\"SearchAction\",\"target\":{\"@type\":\"EntryPoint\",\"urlTemplate\":\"https:\\\/\\\/www.ankaref.com\\\/?s={search_term_string}\"},\"query-input\":{\"@type\":\"PropertyValueSpecification\",\"valueRequired\":true,\"valueName\":\"search_term_string\"}}],\"inLanguage\":\"en-US\"},{\"@type\":\"Organization\",\"@id\":\"https:\\\/\\\/www.ankaref.com\\\/#organization\",\"name\":\"ANKAREF\",\"url\":\"https:\\\/\\\/www.ankaref.com\\\/\",\"logo\":{\"@type\":\"ImageObject\",\"inLanguage\":\"en-US\",\"@id\":\"https:\\\/\\\/www.ankaref.com\\\/#\\\/schema\\\/logo\\\/image\\\/\",\"url\":\"https:\\\/\\\/www.ankaref.com\\\/wp-content\\\/uploads\\\/2023\\\/03\\\/ankaref-beyaz-1-e1747385803572.png\",\"contentUrl\":\"https:\\\/\\\/www.ankaref.com\\\/wp-content\\\/uploads\\\/2023\\\/03\\\/ankaref-beyaz-1-e1747385803572.png\",\"width\":150,\"height\":28,\"caption\":\"ANKAREF\"},\"image\":{\"@id\":\"https:\\\/\\\/www.ankaref.com\\\/#\\\/schema\\\/logo\\\/image\\\/\"},\"email\":\"info@ankaref.com\",\"telephone\":\"(0312) 299 21 64\",\"legalName\":\"Ankaref \u0130novasyon ve Teknoloji A.\u015e.\",\"publishingPrinciples\":\"https:\\\/\\\/www.ankaref.com\\\/hakkimizda\\\/\",\"actionableFeedbackPolicy\":\"https:\\\/\\\/www.ankaref.com\\\/aydinlatma-metni\\\/\",\"correctionsPolicy\":\"https:\\\/\\\/www.ankaref.com\\\/cerez-politikasi\\\/\",\"ethicsPolicy\":\"https:\\\/\\\/www.ankaref.com\\\/en\\\/kvkk\\\/\",\"diversityPolicy\":\"https:\\\/\\\/www.ankaref.com\\\/entegre-yonetim-sistemi-politikasi\\\/\"}]}<\/script>\n<!-- \/ Yoast SEO Premium plugin. -->","yoast_head_json":{"title":"Cookie Policy | ANKAREF","description":"You can find details on the use of cookies and the processing of your personal data in our Cookie Policy.","robots":{"index":"index","follow":"follow","max-snippet":"max-snippet:-1","max-image-preview":"max-image-preview:large","max-video-preview":"max-video-preview:-1"},"canonical":"https:\/\/www.ankaref.com\/en\/cookie-policy\/","og_locale":"en_US","og_type":"article","og_title":"\u00c7erez Politikas\u0131","og_description":"\u00c7erezlerin kullan\u0131m\u0131na ve ki\u015fisel verilerinizin i\u015flenmesine dair detaylar\u0131 \u00c7erez Politikam\u0131zda bulabilirsiniz.","og_url":"https:\/\/www.ankaref.com\/en\/cookie-policy\/","og_site_name":"Ankaref","article_modified_time":"2025-10-14T11:18:25+00:00","twitter_card":"summary_large_image","schema":{"@context":"https:\/\/schema.org","@graph":[{"@type":"WebPage","@id":"https:\/\/www.ankaref.com\/cerez-politikasi\/","url":"https:\/\/www.ankaref.com\/cerez-politikasi\/","name":"Cookie Policy | ANKAREF","isPartOf":{"@id":"https:\/\/www.ankaref.com\/#website"},"datePublished":"2025-02-27T07:19:06+00:00","dateModified":"2025-10-14T11:18:25+00:00","description":"You can find details on the use of cookies and the processing of your personal data in our Cookie Policy.","breadcrumb":{"@id":"https:\/\/www.ankaref.com\/cerez-politikasi\/#breadcrumb"},"inLanguage":"en-US","potentialAction":[{"@type":"ReadAction","target":["https:\/\/www.ankaref.com\/cerez-politikasi\/"]}]},{"@type":"BreadcrumbList","@id":"https:\/\/www.ankaref.com\/cerez-politikasi\/#breadcrumb","itemListElement":[{"@type":"ListItem","position":1,"name":"Anasayfa","item":"https:\/\/www.ankaref.com\/"},{"@type":"ListItem","position":2,"name":"\u00c7erez Politikas\u0131"}]},{"@type":"WebSite","@id":"https:\/\/www.ankaref.com\/#website","url":"https:\/\/www.ankaref.com\/","name":"Ankaref","description":"IoT Knowledge Hub","publisher":{"@id":"https:\/\/www.ankaref.com\/#organization"},"potentialAction":[{"@type":"SearchAction","target":{"@type":"EntryPoint","urlTemplate":"https:\/\/www.ankaref.com\/?s={search_term_string}"},"query-input":{"@type":"PropertyValueSpecification","valueRequired":true,"valueName":"search_term_string"}}],"inLanguage":"en-US"},{"@type":"Organization","@id":"https:\/\/www.ankaref.com\/#organization","name":"ANKAREF","url":"https:\/\/www.ankaref.com\/","logo":{"@type":"ImageObject","inLanguage":"en-US","@id":"https:\/\/www.ankaref.com\/#\/schema\/logo\/image\/","url":"https:\/\/www.ankaref.com\/wp-content\/uploads\/2023\/03\/ankaref-beyaz-1-e1747385803572.png","contentUrl":"https:\/\/www.ankaref.com\/wp-content\/uploads\/2023\/03\/ankaref-beyaz-1-e1747385803572.png","width":150,"height":28,"caption":"ANKAREF"},"image":{"@id":"https:\/\/www.ankaref.com\/#\/schema\/logo\/image\/"},"email":"info@ankaref.com","telephone":"(0312) 299 21 64","legalName":"Ankaref \u0130novasyon ve Teknoloji A.\u015e.","publishingPrinciples":"https:\/\/www.ankaref.com\/hakkimizda\/","actionableFeedbackPolicy":"https:\/\/www.ankaref.com\/aydinlatma-metni\/","correctionsPolicy":"https:\/\/www.ankaref.com\/cerez-politikasi\/","ethicsPolicy":"https:\/\/www.ankaref.com\/en\/kvkk\/","diversityPolicy":"https:\/\/www.ankaref.com\/entegre-yonetim-sistemi-politikasi\/"}]}},"_links":{"self":[{"href":"https:\/\/www.ankaref.com\/en\/wp-json\/wp\/v2\/pages\/990922","targetHints":{"allow":["GET"]}}],"collection":[{"href":"https:\/\/www.ankaref.com\/en\/wp-json\/wp\/v2\/pages"}],"about":[{"href":"https:\/\/www.ankaref.com\/en\/wp-json\/wp\/v2\/types\/page"}],"author":[{"embeddable":true,"href":"https:\/\/www.ankaref.com\/en\/wp-json\/wp\/v2\/users\/1"}],"replies":[{"embeddable":true,"href":"https:\/\/www.ankaref.com\/en\/wp-json\/wp\/v2\/comments?post=990922"}],"version-history":[{"count":1,"href":"https:\/\/www.ankaref.com\/en\/wp-json\/wp\/v2\/pages\/990922\/revisions"}],"predecessor-version":[{"id":990924,"href":"https:\/\/www.ankaref.com\/en\/wp-json\/wp\/v2\/pages\/990922\/revisions\/990924"}],"wp:attachment":[{"href":"https:\/\/www.ankaref.com\/en\/wp-json\/wp\/v2\/media?parent=990922"}],"curies":[{"name":"wp","href":"https:\/\/api.w.org\/{rel}","templated":true}]}}