{"id":994331,"date":"2025-05-15T01:05:20","date_gmt":"2025-05-14T22:05:20","guid":{"rendered":"https:\/\/www.ankaref.com\/?page_id=994331"},"modified":"2025-12-02T15:22:58","modified_gmt":"2025-12-02T12:22:58","slug":"our-core-principles","status":"publish","type":"page","link":"https:\/\/www.ankaref.com\/en\/temel-prensiplerimiz\/","title":{"rendered":"Our Core Principles"},"content":{"rendered":"<div data-elementor-type=\"wp-page\" data-elementor-id=\"994331\" class=\"elementor elementor-994331\" data-elementor-post-type=\"page\">\n\t\t\t\t<div class=\"elementor-element elementor-element-747dfc2b e-con-full e-flex e-con e-parent\" data-id=\"747dfc2b\" data-element_type=\"container\" data-e-type=\"container\" data-settings=\"{&quot;background_background&quot;:&quot;classic&quot;,&quot;ekit_has_onepagescroll_dot&quot;:&quot;yes&quot;}\">\n\t\t<div class=\"elementor-element elementor-element-3ebf28bc e-con-full e-flex e-con e-child\" data-id=\"3ebf28bc\" data-element_type=\"container\" data-e-type=\"container\" data-settings=\"{&quot;ekit_has_onepagescroll_dot&quot;:&quot;yes&quot;}\">\n\t\t\t\t<div class=\"elementor-element elementor-element-2d4087b4 animated-slow elementor-invisible elementor-widget elementor-widget-heading\" data-id=\"2d4087b4\" data-element_type=\"widget\" data-e-type=\"widget\" data-settings=\"{&quot;_animation&quot;:&quot;fadeIn&quot;,&quot;_animation_tablet&quot;:&quot;none&quot;,&quot;ekit_we_effect_on&quot;:&quot;none&quot;}\" data-widget_type=\"heading.default\">\n\t\t\t\t<div class=\"elementor-widget-container\">\n\t\t\t\t\t<h1 class=\"elementor-heading-title elementor-size-default\">Our Core Principles<\/h1>\t\t\t\t<\/div>\n\t\t\t\t<\/div>\n\t\t\t\t<\/div>\n\t\t\t\t<\/div>\n\t\t<div class=\"elementor-element elementor-element-23f24a90 e-flex e-con-boxed e-con e-parent\" data-id=\"23f24a90\" data-element_type=\"container\" data-e-type=\"container\" data-settings=\"{&quot;ekit_has_onepagescroll_dot&quot;:&quot;yes&quot;}\">\n\t\t\t\t\t<div class=\"e-con-inner\">\n\t\t<div class=\"elementor-element elementor-element-5429e20 e-con-full e-flex e-con e-child\" data-id=\"5429e20\" data-element_type=\"container\" data-e-type=\"container\" data-settings=\"{&quot;background_background&quot;:&quot;classic&quot;,&quot;ekit_has_onepagescroll_dot&quot;:&quot;yes&quot;}\">\n\t\t<div class=\"elementor-element elementor-element-1e7c77f5 e-con-full e-flex e-con e-child\" data-id=\"1e7c77f5\" data-element_type=\"container\" data-e-type=\"container\" data-settings=\"{&quot;ekit_has_onepagescroll_dot&quot;:&quot;yes&quot;}\">\n\t\t<div class=\"elementor-element elementor-element-4bc8da39 e-con-full e-flex e-con e-child\" data-id=\"4bc8da39\" data-element_type=\"container\" data-e-type=\"container\" data-settings=\"{&quot;ekit_has_onepagescroll_dot&quot;:&quot;yes&quot;}\">\n\t\t\t\t<div class=\"elementor-element elementor-element-5b8243f6 elementor-widget elementor-widget-elementskit-heading\" data-id=\"5b8243f6\" data-element_type=\"widget\" data-e-type=\"widget\" data-settings=\"{&quot;ekit_we_effect_on&quot;:&quot;none&quot;}\" data-widget_type=\"elementskit-heading.default\">\n\t\t\t\t<div class=\"elementor-widget-container\">\n\t\t\t\t\t<div class=\"ekit-wid-con\" ><div class=\"ekit-heading elementskit-section-title-wraper text_left   ekit_heading_tablet-   ekit_heading_mobile-\"><h2 class=\"ekit-heading--title elementskit-section-title\">Simple<\/h2>\t\t\t\t<div class='ekit-heading__description'>\n\t\t\t\t\t<p>We improve our customers' operations with simple approaches to their major problems without requiring them to change their existing processes.<\/p>\n\t\t\t\t<\/div>\n\t\t\t<\/div><\/div>\t\t\t\t<\/div>\n\t\t\t\t<\/div>\n\t\t\t\t<div class=\"elementor-element elementor-element-4789f85d elementor-widget elementor-widget-elementskit-heading\" data-id=\"4789f85d\" data-element_type=\"widget\" data-e-type=\"widget\" data-settings=\"{&quot;ekit_we_effect_on&quot;:&quot;none&quot;}\" data-widget_type=\"elementskit-heading.default\">\n\t\t\t\t<div class=\"elementor-widget-container\">\n\t\t\t\t\t<div class=\"ekit-wid-con\" ><div class=\"ekit-heading elementskit-section-title-wraper text_left   ekit_heading_tablet-   ekit_heading_mobile-\"><h2 class=\"ekit-heading--title elementskit-section-title\">Secure<\/h2>\t\t\t\t<div class='ekit-heading__description'>\n\t\t\t\t\t<p>We offer secure systems supported by security certificates and full compliance with industry standards.<\/p>\n\t\t\t\t<\/div>\n\t\t\t<\/div><\/div>\t\t\t\t<\/div>\n\t\t\t\t<\/div>\n\t\t\t\t<div class=\"elementor-element elementor-element-408fea56 elementor-widget elementor-widget-elementskit-heading\" data-id=\"408fea56\" data-element_type=\"widget\" data-e-type=\"widget\" data-settings=\"{&quot;ekit_we_effect_on&quot;:&quot;none&quot;}\" data-widget_type=\"elementskit-heading.default\">\n\t\t\t\t<div class=\"elementor-widget-container\">\n\t\t\t\t\t<div class=\"ekit-wid-con\" ><div class=\"ekit-heading elementskit-section-title-wraper text_left   ekit_heading_tablet-   ekit_heading_mobile-\"><h2 class=\"ekit-heading--title elementskit-section-title\">Stable<\/h2>\t\t\t\t<div class='ekit-heading__description'>\n\t\t\t\t\t<p>We offer consistent, reliable solutions that support business growth through stable and long-term projects.<\/p>\n\t\t\t\t<\/div>\n\t\t\t<\/div><\/div>\t\t\t\t<\/div>\n\t\t\t\t<\/div>\n\t\t\t\t<\/div>\n\t\t<div class=\"elementor-element elementor-element-2b256079 e-con-full e-flex e-con e-child\" data-id=\"2b256079\" data-element_type=\"container\" data-e-type=\"container\" data-settings=\"{&quot;ekit_has_onepagescroll_dot&quot;:&quot;yes&quot;}\">\n\t\t\t\t<div class=\"elementor-element elementor-element-56bd42b1 elementor-widget elementor-widget-image\" data-id=\"56bd42b1\" data-element_type=\"widget\" data-e-type=\"widget\" data-settings=\"{&quot;ekit_we_effect_on&quot;:&quot;none&quot;}\" data-widget_type=\"image.default\">\n\t\t\t\t<div class=\"elementor-widget-container\">\n\t\t\t\t\t\t\t\t\t\t\t\t\t\t\t<img fetchpriority=\"high\" decoding=\"async\" width=\"2560\" height=\"1440\" src=\"https:\/\/www.ankaref.com\/wp-content\/uploads\/2025\/08\/piramiddd-1-scaled.png\" class=\"attachment-full size-full wp-image-996571\" alt=\"Temel Prensiplerimiz \u0130htiya\u00e7 Hiyerar\u015fisi\" srcset=\"https:\/\/www.ankaref.com\/wp-content\/uploads\/2025\/08\/piramiddd-1-scaled.png 2560w, https:\/\/www.ankaref.com\/wp-content\/uploads\/2025\/08\/piramiddd-1-300x169.png 300w, https:\/\/www.ankaref.com\/wp-content\/uploads\/2025\/08\/piramiddd-1-1024x576.png 1024w, https:\/\/www.ankaref.com\/wp-content\/uploads\/2025\/08\/piramiddd-1-768x432.png 768w, https:\/\/www.ankaref.com\/wp-content\/uploads\/2025\/08\/piramiddd-1-1536x864.png 1536w, https:\/\/www.ankaref.com\/wp-content\/uploads\/2025\/08\/piramiddd-1-2048x1152.png 2048w, https:\/\/www.ankaref.com\/wp-content\/uploads\/2025\/08\/piramiddd-1-18x10.png 18w\" sizes=\"(max-width: 2560px) 100vw, 2560px\" \/>\t\t\t\t\t\t\t\t\t\t\t\t\t\t\t<\/div>\n\t\t\t\t<\/div>\n\t\t\t\t<\/div>\n\t\t\t\t<\/div>\n\t\t<div class=\"elementor-element elementor-element-15ff8e33 e-con-full elementor-hidden-mobile e-flex e-con e-child\" data-id=\"15ff8e33\" data-element_type=\"container\" data-e-type=\"container\" data-settings=\"{&quot;ekit_has_onepagescroll_dot&quot;:&quot;yes&quot;}\">\n\t\t\t\t<div class=\"elementor-element elementor-element-9f63a24 elementor-widget elementor-widget-eael-fancy-text\" data-id=\"9f63a24\" data-element_type=\"widget\" data-e-type=\"widget\" data-settings=\"{&quot;ekit_we_effect_on&quot;:&quot;none&quot;}\" data-widget_type=\"eael-fancy-text.default\">\n\t\t\t\t<div class=\"elementor-widget-container\">\n\t\t\t\t\t\n\t<div  class=\"eael-fancy-text-container style-1\" data-fancy-text-id=\"9f63a24\" data-fancy-text=\"|M\u00fc\u015fterilerimizin b\u00fcy\u00fck sorunlar\u0131na basit yakla\u015f\u0131mlarla|End\u00fcstri standartlar\u0131na uygun ve g\u00fcvenli|Kararl\u0131 ve uzun vadeli\" data-fancy-text-transition-type=\"fadeInUp\" data-fancy-text-speed=\"\" data-fancy-text-delay=\"2500\" data-fancy-text-cursor=\"\" data-fancy-text-loop=\"yes\" data-fancy-text-action=\"page_load\" >\n\t\t\n\t\t\n\t\t\t\t\t<span id=\"eael-fancy-text-9f63a24\" class=\"eael-fancy-text-strings solid-color\">\n\t\t\t\t<noscript>\n\t\t\t\t\tWith simple approaches to our customers\u2019 major problems, Compliant with industry standards and secure, Stable and long-term\t\t\t\t<\/noscript>\n\t\t\t<\/span>\n\t\t\n\t\t\t\t\t<span class=\"eael-fancy-text-suffix\"> we create solutions.<\/span>\n\t\t\t<\/div><!-- close .eael-fancy-text-container -->\n\n\t<div class=\"clearfix\"><\/div>\n\n\t\t\t\t\t<\/div>\n\t\t\t\t<\/div>\n\t\t\t\t<\/div>\n\t\t\t\t<\/div>\n\t\t\t\t\t<\/div>\n\t\t\t\t<\/div>\n\t\t\t\t<\/div>","protected":false},"excerpt":{"rendered":"<p>Temel Prensiplerimiz Basit M\u00fc\u015fterilerimizin b\u00fcy\u00fck sorunlar\u0131na basit yakla\u015f\u0131mlarla, mevcut s\u00fcre\u00e7lerini de\u011fi\u015ftirmelerine gerek kalmadan operasyonlar\u0131n\u0131 iyile\u015ftiriyoruz. G\u00fcvenli G\u00fcvenlik sertifikalar\u0131 ve end\u00fcstri standartlar\u0131na tam uyum ile desteklenen g\u00fcvenli sistemler sunuyoruz. Kararl\u0131 Kararl\u0131 ve uzun vadeli projelerle i\u015fletmelerin b\u00fcy\u00fcmesini destekleyen tutarl\u0131, g\u00fcvenilir \u00e7\u00f6z\u00fcmler sunuyoruz. M\u00fc\u015fterilerimizin b\u00fcy\u00fck sorunlar\u0131na basit yakla\u015f\u0131mlarla, End\u00fcstri standartlar\u0131na uygun ve g\u00fcvenli, Kararl\u0131 ve uzun vadeli&#8230;<\/p>","protected":false},"author":1,"featured_media":0,"parent":0,"menu_order":0,"comment_status":"closed","ping_status":"closed","template":"","meta":{"footnotes":""},"class_list":["post-994331","page","type-page","status-publish","hentry"],"yoast_head":"<!-- This site is optimized with the Yoast SEO Premium plugin v26.1 (Yoast SEO v27.4) - https:\/\/yoast.com\/product\/yoast-seo-premium-wordpress\/ -->\n<title>Temel Prensiplerimiz | ANKAREF<\/title>\n<meta name=\"description\" content=\"\u0130\u015fimizi basit, g\u00fcvenli ve kararl\u0131 prensiplerle y\u00fcr\u00fct\u00fcyor; m\u00fc\u015fterilerimizin ihtiya\u00e7lar\u0131n\u0131 anlayarak katma de\u011ferli \u00e7\u00f6z\u00fcmler geli\u015ftiriyoruz.\" \/>\n<meta name=\"robots\" content=\"index, follow, max-snippet:-1, max-image-preview:large, max-video-preview:-1\" \/>\n<link rel=\"canonical\" href=\"https:\/\/www.ankaref.com\/en\/our-core-principles\/\" \/>\n<meta property=\"og:locale\" content=\"en_US\" \/>\n<meta property=\"og:type\" content=\"article\" \/>\n<meta property=\"og:title\" content=\"Temel Prensiplerimiz\" \/>\n<meta property=\"og:description\" content=\"\u0130\u015fimizi basit, g\u00fcvenli ve kararl\u0131 prensiplerle y\u00fcr\u00fct\u00fcyor; m\u00fc\u015fterilerimizin ihtiya\u00e7lar\u0131n\u0131 anlayarak katma de\u011ferli \u00e7\u00f6z\u00fcmler geli\u015ftiriyoruz.\" \/>\n<meta property=\"og:url\" content=\"https:\/\/www.ankaref.com\/en\/our-core-principles\/\" \/>\n<meta property=\"og:site_name\" content=\"Ankaref\" \/>\n<meta property=\"article:modified_time\" content=\"2025-12-02T12:22:58+00:00\" \/>\n<meta property=\"og:image\" content=\"https:\/\/www.ankaref.com\/wp-content\/uploads\/2025\/09\/temel-prensiplerimiz.webp\" \/>\n\t<meta property=\"og:image:width\" content=\"2560\" \/>\n\t<meta property=\"og:image:height\" content=\"1440\" \/>\n\t<meta property=\"og:image:type\" content=\"image\/webp\" \/>\n<meta name=\"twitter:card\" content=\"summary_large_image\" \/>\n<meta name=\"twitter:label1\" content=\"Est. reading time\" \/>\n\t<meta name=\"twitter:data1\" content=\"1 minute\" \/>\n<script type=\"application\/ld+json\" class=\"yoast-schema-graph\">{\"@context\":\"https:\\\/\\\/schema.org\",\"@graph\":[{\"@type\":\"WebPage\",\"@id\":\"https:\\\/\\\/www.ankaref.com\\\/temel-prensiplerimiz\\\/\",\"url\":\"https:\\\/\\\/www.ankaref.com\\\/temel-prensiplerimiz\\\/\",\"name\":\"Temel Prensiplerimiz | ANKAREF\",\"isPartOf\":{\"@id\":\"https:\\\/\\\/www.ankaref.com\\\/#website\"},\"primaryImageOfPage\":{\"@id\":\"https:\\\/\\\/www.ankaref.com\\\/temel-prensiplerimiz\\\/#primaryimage\"},\"image\":{\"@id\":\"https:\\\/\\\/www.ankaref.com\\\/temel-prensiplerimiz\\\/#primaryimage\"},\"thumbnailUrl\":\"https:\\\/\\\/www.ankaref.com\\\/wp-content\\\/uploads\\\/2025\\\/09\\\/temel-prensiplerimiz.webp\",\"datePublished\":\"2025-05-14T22:05:20+00:00\",\"dateModified\":\"2025-12-02T12:22:58+00:00\",\"description\":\"\u0130\u015fimizi basit, g\u00fcvenli ve kararl\u0131 prensiplerle y\u00fcr\u00fct\u00fcyor; m\u00fc\u015fterilerimizin ihtiya\u00e7lar\u0131n\u0131 anlayarak katma de\u011ferli \u00e7\u00f6z\u00fcmler geli\u015ftiriyoruz.\",\"breadcrumb\":{\"@id\":\"https:\\\/\\\/www.ankaref.com\\\/temel-prensiplerimiz\\\/#breadcrumb\"},\"inLanguage\":\"en-US\",\"potentialAction\":[{\"@type\":\"ReadAction\",\"target\":[\"https:\\\/\\\/www.ankaref.com\\\/temel-prensiplerimiz\\\/\"]}]},{\"@type\":\"ImageObject\",\"inLanguage\":\"en-US\",\"@id\":\"https:\\\/\\\/www.ankaref.com\\\/temel-prensiplerimiz\\\/#primaryimage\",\"url\":\"https:\\\/\\\/www.ankaref.com\\\/wp-content\\\/uploads\\\/2025\\\/09\\\/temel-prensiplerimiz.webp\",\"contentUrl\":\"https:\\\/\\\/www.ankaref.com\\\/wp-content\\\/uploads\\\/2025\\\/09\\\/temel-prensiplerimiz.webp\"},{\"@type\":\"BreadcrumbList\",\"@id\":\"https:\\\/\\\/www.ankaref.com\\\/temel-prensiplerimiz\\\/#breadcrumb\",\"itemListElement\":[{\"@type\":\"ListItem\",\"position\":1,\"name\":\"Anasayfa\",\"item\":\"https:\\\/\\\/www.ankaref.com\\\/\"},{\"@type\":\"ListItem\",\"position\":2,\"name\":\"Temel Prensiplerimiz\"}]},{\"@type\":\"WebSite\",\"@id\":\"https:\\\/\\\/www.ankaref.com\\\/#website\",\"url\":\"https:\\\/\\\/www.ankaref.com\\\/\",\"name\":\"Ankaref\",\"description\":\"IoT Knowledge Hub\",\"publisher\":{\"@id\":\"https:\\\/\\\/www.ankaref.com\\\/#organization\"},\"potentialAction\":[{\"@type\":\"SearchAction\",\"target\":{\"@type\":\"EntryPoint\",\"urlTemplate\":\"https:\\\/\\\/www.ankaref.com\\\/?s={search_term_string}\"},\"query-input\":{\"@type\":\"PropertyValueSpecification\",\"valueRequired\":true,\"valueName\":\"search_term_string\"}}],\"inLanguage\":\"en-US\"},{\"@type\":\"Organization\",\"@id\":\"https:\\\/\\\/www.ankaref.com\\\/#organization\",\"name\":\"ANKAREF\",\"url\":\"https:\\\/\\\/www.ankaref.com\\\/\",\"logo\":{\"@type\":\"ImageObject\",\"inLanguage\":\"en-US\",\"@id\":\"https:\\\/\\\/www.ankaref.com\\\/#\\\/schema\\\/logo\\\/image\\\/\",\"url\":\"https:\\\/\\\/www.ankaref.com\\\/wp-content\\\/uploads\\\/2023\\\/03\\\/ankaref-beyaz-1-e1747385803572.png\",\"contentUrl\":\"https:\\\/\\\/www.ankaref.com\\\/wp-content\\\/uploads\\\/2023\\\/03\\\/ankaref-beyaz-1-e1747385803572.png\",\"width\":150,\"height\":28,\"caption\":\"ANKAREF\"},\"image\":{\"@id\":\"https:\\\/\\\/www.ankaref.com\\\/#\\\/schema\\\/logo\\\/image\\\/\"},\"email\":\"info@ankaref.com\",\"telephone\":\"(0312) 299 21 64\",\"legalName\":\"Ankaref \u0130novasyon ve Teknoloji A.\u015e.\",\"publishingPrinciples\":\"https:\\\/\\\/www.ankaref.com\\\/hakkimizda\\\/\",\"actionableFeedbackPolicy\":\"https:\\\/\\\/www.ankaref.com\\\/aydinlatma-metni\\\/\",\"correctionsPolicy\":\"https:\\\/\\\/www.ankaref.com\\\/cerez-politikasi\\\/\",\"ethicsPolicy\":\"https:\\\/\\\/www.ankaref.com\\\/en\\\/kvkk\\\/\",\"diversityPolicy\":\"https:\\\/\\\/www.ankaref.com\\\/entegre-yonetim-sistemi-politikasi\\\/\"}]}<\/script>\n<!-- \/ Yoast SEO Premium plugin. -->","yoast_head_json":{"title":"Our Core Principles | ANKAREF","description":"We conduct our business with simple, secure, and decisive principles; we develop value-added solutions by understanding our customers' needs.","robots":{"index":"index","follow":"follow","max-snippet":"max-snippet:-1","max-image-preview":"max-image-preview:large","max-video-preview":"max-video-preview:-1"},"canonical":"https:\/\/www.ankaref.com\/en\/our-core-principles\/","og_locale":"en_US","og_type":"article","og_title":"Temel Prensiplerimiz","og_description":"\u0130\u015fimizi basit, g\u00fcvenli ve kararl\u0131 prensiplerle y\u00fcr\u00fct\u00fcyor; m\u00fc\u015fterilerimizin ihtiya\u00e7lar\u0131n\u0131 anlayarak katma de\u011ferli \u00e7\u00f6z\u00fcmler geli\u015ftiriyoruz.","og_url":"https:\/\/www.ankaref.com\/en\/our-core-principles\/","og_site_name":"Ankaref","article_modified_time":"2025-12-02T12:22:58+00:00","og_image":[{"width":2560,"height":1440,"url":"https:\/\/www.ankaref.com\/wp-content\/uploads\/2025\/09\/temel-prensiplerimiz.webp","type":"image\/webp"}],"twitter_card":"summary_large_image","twitter_misc":{"Est. reading time":"1 minute"},"schema":{"@context":"https:\/\/schema.org","@graph":[{"@type":"WebPage","@id":"https:\/\/www.ankaref.com\/temel-prensiplerimiz\/","url":"https:\/\/www.ankaref.com\/temel-prensiplerimiz\/","name":"Our Core Principles | ANKAREF","isPartOf":{"@id":"https:\/\/www.ankaref.com\/#website"},"primaryImageOfPage":{"@id":"https:\/\/www.ankaref.com\/temel-prensiplerimiz\/#primaryimage"},"image":{"@id":"https:\/\/www.ankaref.com\/temel-prensiplerimiz\/#primaryimage"},"thumbnailUrl":"https:\/\/www.ankaref.com\/wp-content\/uploads\/2025\/09\/temel-prensiplerimiz.webp","datePublished":"2025-05-14T22:05:20+00:00","dateModified":"2025-12-02T12:22:58+00:00","description":"We conduct our business with simple, secure, and decisive principles; we develop value-added solutions by understanding our customers' needs.","breadcrumb":{"@id":"https:\/\/www.ankaref.com\/temel-prensiplerimiz\/#breadcrumb"},"inLanguage":"en-US","potentialAction":[{"@type":"ReadAction","target":["https:\/\/www.ankaref.com\/temel-prensiplerimiz\/"]}]},{"@type":"ImageObject","inLanguage":"en-US","@id":"https:\/\/www.ankaref.com\/temel-prensiplerimiz\/#primaryimage","url":"https:\/\/www.ankaref.com\/wp-content\/uploads\/2025\/09\/temel-prensiplerimiz.webp","contentUrl":"https:\/\/www.ankaref.com\/wp-content\/uploads\/2025\/09\/temel-prensiplerimiz.webp"},{"@type":"BreadcrumbList","@id":"https:\/\/www.ankaref.com\/temel-prensiplerimiz\/#breadcrumb","itemListElement":[{"@type":"ListItem","position":1,"name":"Anasayfa","item":"https:\/\/www.ankaref.com\/"},{"@type":"ListItem","position":2,"name":"Temel Prensiplerimiz"}]},{"@type":"WebSite","@id":"https:\/\/www.ankaref.com\/#website","url":"https:\/\/www.ankaref.com\/","name":"Ankaref","description":"IoT Knowledge Hub","publisher":{"@id":"https:\/\/www.ankaref.com\/#organization"},"potentialAction":[{"@type":"SearchAction","target":{"@type":"EntryPoint","urlTemplate":"https:\/\/www.ankaref.com\/?s={search_term_string}"},"query-input":{"@type":"PropertyValueSpecification","valueRequired":true,"valueName":"search_term_string"}}],"inLanguage":"en-US"},{"@type":"Organization","@id":"https:\/\/www.ankaref.com\/#organization","name":"ANKAREF","url":"https:\/\/www.ankaref.com\/","logo":{"@type":"ImageObject","inLanguage":"en-US","@id":"https:\/\/www.ankaref.com\/#\/schema\/logo\/image\/","url":"https:\/\/www.ankaref.com\/wp-content\/uploads\/2023\/03\/ankaref-beyaz-1-e1747385803572.png","contentUrl":"https:\/\/www.ankaref.com\/wp-content\/uploads\/2023\/03\/ankaref-beyaz-1-e1747385803572.png","width":150,"height":28,"caption":"ANKAREF"},"image":{"@id":"https:\/\/www.ankaref.com\/#\/schema\/logo\/image\/"},"email":"info@ankaref.com","telephone":"(0312) 299 21 64","legalName":"Ankaref \u0130novasyon ve Teknoloji A.\u015e.","publishingPrinciples":"https:\/\/www.ankaref.com\/hakkimizda\/","actionableFeedbackPolicy":"https:\/\/www.ankaref.com\/aydinlatma-metni\/","correctionsPolicy":"https:\/\/www.ankaref.com\/cerez-politikasi\/","ethicsPolicy":"https:\/\/www.ankaref.com\/en\/kvkk\/","diversityPolicy":"https:\/\/www.ankaref.com\/entegre-yonetim-sistemi-politikasi\/"}]}},"_links":{"self":[{"href":"https:\/\/www.ankaref.com\/en\/wp-json\/wp\/v2\/pages\/994331","targetHints":{"allow":["GET"]}}],"collection":[{"href":"https:\/\/www.ankaref.com\/en\/wp-json\/wp\/v2\/pages"}],"about":[{"href":"https:\/\/www.ankaref.com\/en\/wp-json\/wp\/v2\/types\/page"}],"author":[{"embeddable":true,"href":"https:\/\/www.ankaref.com\/en\/wp-json\/wp\/v2\/users\/1"}],"replies":[{"embeddable":true,"href":"https:\/\/www.ankaref.com\/en\/wp-json\/wp\/v2\/comments?post=994331"}],"version-history":[{"count":26,"href":"https:\/\/www.ankaref.com\/en\/wp-json\/wp\/v2\/pages\/994331\/revisions"}],"predecessor-version":[{"id":997795,"href":"https:\/\/www.ankaref.com\/en\/wp-json\/wp\/v2\/pages\/994331\/revisions\/997795"}],"wp:attachment":[{"href":"https:\/\/www.ankaref.com\/en\/wp-json\/wp\/v2\/media?parent=994331"}],"curies":[{"name":"wp","href":"https:\/\/api.w.org\/{rel}","templated":true}]}}